{"id":8028,"date":"2025-03-05T11:35:57","date_gmt":"2025-03-05T10:35:57","guid":{"rendered":"https:\/\/thermalhotelgarden.hu\/dev_ujoldal\/?page_id=8028"},"modified":"2025-03-06T13:57:10","modified_gmt":"2025-03-06T12:57:10","slug":"bemutatkozunk","status":"publish","type":"page","link":"https:\/\/thermalhotelgarden.hu\/dev_ujoldal\/bemutatkozunk\/","title":{"rendered":"Bemutatkozunk"},"content":{"rendered":"\t\t<div data-elementor-type=\"wp-page\" data-elementor-id=\"8028\" class=\"elementor elementor-8028\" data-elementor-post-type=\"page\">\n\t\t\t\t\t\t<section class=\"elementor-section elementor-top-section elementor-element elementor-element-c853f5d elementor-section-boxed elementor-section-height-default elementor-section-height-default\" data-id=\"c853f5d\" data-element_type=\"section\">\n\t\t\t\t\t\t<div class=\"elementor-container elementor-column-gap-wider\">\n\t\t\t\t\t<div class=\"elementor-column elementor-col-50 elementor-top-column elementor-element elementor-element-800d0c8\" data-id=\"800d0c8\" data-element_type=\"column\">\n\t\t\t<div class=\"elementor-widget-wrap elementor-element-populated\">\n\t\t\t\t\t\t<div class=\"elementor-element elementor-element-79ae8e4 elementor-widget elementor-widget-image\" data-id=\"79ae8e4\" data-element_type=\"widget\" data-widget_type=\"image.default\">\n\t\t\t\t<div class=\"elementor-widget-container\">\n\t\t\t\t\t\t\t\t\t\t\t\t\t\t\t<img fetchpriority=\"high\" decoding=\"async\" width=\"311\" height=\"197\" src=\"https:\/\/thermalhotelgarden.hu\/dev_ujoldal\/wp-content\/uploads\/2025\/03\/level.svg\" class=\"attachment-large size-large wp-image-7559\" alt=\"\" \/>\t\t\t\t\t\t\t\t\t\t\t\t\t\t\t<\/div>\n\t\t\t\t<\/div>\n\t\t\t\t<div class=\"elementor-element elementor-element-8513a9e elementor-widget elementor-widget-heading\" data-id=\"8513a9e\" data-element_type=\"widget\" data-widget_type=\"heading.default\">\n\t\t\t\t<div class=\"elementor-widget-container\">\n\t\t\t\t\t<h5 class=\"elementor-heading-title elementor-size-default\">THERMAL HOTEL GARDEN<\/h5>\t\t\t\t<\/div>\n\t\t\t\t<\/div>\n\t\t\t\t<div class=\"elementor-element elementor-element-50bba92 elementor-widget__width-initial elementor-widget elementor-widget-heading\" data-id=\"50bba92\" data-element_type=\"widget\" data-widget_type=\"heading.default\">\n\t\t\t\t<div class=\"elementor-widget-container\">\n\t\t\t\t\t<h2 class=\"elementor-heading-title elementor-size-default\">Bemutatkozunk<\/h2>\t\t\t\t<\/div>\n\t\t\t\t<\/div>\n\t\t\t\t<div class=\"elementor-element elementor-element-3349524 elementor-widget elementor-widget-image\" data-id=\"3349524\" data-element_type=\"widget\" data-widget_type=\"image.default\">\n\t\t\t\t<div class=\"elementor-widget-container\">\n\t\t\t\t\t\t\t\t\t\t\t\t\t\t\t<img decoding=\"async\" width=\"930\" height=\"1151\" src=\"https:\/\/thermalhotelgarden.hu\/dev_ujoldal\/wp-content\/uploads\/2025\/03\/bemutatkozunk.webp\" class=\"attachment-full size-full wp-image-8031\" alt=\"\" srcset=\"https:\/\/thermalhotelgarden.hu\/dev_ujoldal\/wp-content\/uploads\/2025\/03\/bemutatkozunk.webp 930w, https:\/\/thermalhotelgarden.hu\/dev_ujoldal\/wp-content\/uploads\/2025\/03\/bemutatkozunk-242x300.webp 242w, https:\/\/thermalhotelgarden.hu\/dev_ujoldal\/wp-content\/uploads\/2025\/03\/bemutatkozunk-827x1024.webp 827w, https:\/\/thermalhotelgarden.hu\/dev_ujoldal\/wp-content\/uploads\/2025\/03\/bemutatkozunk-768x951.webp 768w\" sizes=\"(max-width: 930px) 100vw, 930px\" \/>\t\t\t\t\t\t\t\t\t\t\t\t\t\t\t<\/div>\n\t\t\t\t<\/div>\n\t\t\t\t\t<\/div>\n\t\t<\/div>\n\t\t\t\t<div class=\"elementor-column elementor-col-50 elementor-top-column elementor-element elementor-element-2237b28\" data-id=\"2237b28\" data-element_type=\"column\">\n\t\t\t<div class=\"elementor-widget-wrap elementor-element-populated\">\n\t\t\t\t\t\t<section class=\"elementor-section elementor-inner-section elementor-element elementor-element-d531b25 elementor-section-boxed elementor-section-height-default elementor-section-height-default\" data-id=\"d531b25\" data-element_type=\"section\">\n\t\t\t\t\t\t<div class=\"elementor-container elementor-column-gap-no\">\n\t\t\t\t\t<div class=\"elementor-column elementor-col-100 elementor-inner-column elementor-element elementor-element-4037e6b\" data-id=\"4037e6b\" data-element_type=\"column\">\n\t\t\t<div class=\"elementor-widget-wrap elementor-element-populated\">\n\t\t\t\t\t\t<div class=\"elementor-element elementor-element-236c4d6 elementor-widget__width-initial elementor-widget elementor-widget-text-editor\" data-id=\"236c4d6\" data-element_type=\"widget\" data-widget_type=\"text-editor.default\">\n\t\t\t\t<div class=\"elementor-widget-container\">\n\t\t\t\t\t\t\t\t\t<p>\u201cKicsinyke\u201d, csal\u00e1di tulajdon\u00fa sz\u00e1llod\u00e1nk Hajd\u00faszoboszl\u00f3 sz\u00edv\u00e9ben, az \u00fcd\u00fcl\u0151\u00f6vezetben, a Hungarospa f\u00fcrd\u0151komplexumt\u00f3l mind\u00f6sszesen 5 perc s\u00e9t\u00e1ra tal\u00e1lhat\u00f3.<\/p>\t\t\t\t\t\t\t\t<\/div>\n\t\t\t\t<\/div>\n\t\t\t\t\t<\/div>\n\t\t<\/div>\n\t\t\t\t\t<\/div>\n\t\t<\/section>\n\t\t\t\t<div class=\"elementor-element elementor-element-91570cc elementor-widget elementor-widget-text-editor\" data-id=\"91570cc\" data-element_type=\"widget\" data-widget_type=\"text-editor.default\">\n\t\t\t\t<div class=\"elementor-widget-container\">\n\t\t\t\t\t\t\t\t\t<p><strong>Sz\u00e1llod\u00e1nk k\u00fcl\u00f6nlegess\u00e9ge \u2013<\/strong> amir\u0151l a nev\u00e9t is kapta \u2013 a k\u00f6zel 1 hekt\u00e1ros z\u00f6ld \u00f6vezet, amely t\u00f6bbf\u00e9le n\u00f6v\u00e9nynek, illetve madaraknak, m\u00f3kusoknak ad otthont. \u00d3ri\u00e1si nagy tervekkel indulva 2018-ban hozz\u00e1fogtunk a sz\u00e1lloda fel\u00faj\u00edt\u00e1s\u00e1nak, illetve \u00e1talak\u00edt\u00e1s\u00e1nak, melynek nagyobb r\u00e9sz\u00e9t 2022. \u00e9vre sikeresen be is fejezt\u00fcnk.<\/p><p><strong>Sz\u00edv\u00fcgy\u00fcnk, hogy vend\u00e9geink<\/strong> \u00fagy \u00e9rezz\u00e9k magukat, mintha hazaj\u00e1rn\u00e1nak, ennek ok\u00e1n, minden t\u0151l\u00fcnk telhet\u0151t megtesz\u00fcnk, hogy megval\u00f3s\u00edtsuk sz\u00e1mukra a kellemes pihen\u00e9st\/kikapcsol\u00f3d\u00e1st. Mind a f\u00e9rjem, mind pedig j\u00f3magam a vend\u00e9gl\u00e1t\u00e1sban n\u0151tt\u00fcnk fel, \u00edgy amikor belev\u00e1gtunk a sz\u00e1lloda \u00fczemeltet\u00e9s\u00e9be, tudtuk, hogy saj\u00e1t \u201egyermek\u00fcnkk\u00e9nt\u201d fogjuk kezelni, vend\u00e9geinknek pedig a maxim\u00e1lis \u00e9lm\u00e9nyt ny\u00fajtani.<\/p><p><strong>Sz\u00e1mos pozit\u00edv visszajelz\u00e9st<\/strong> \u00e9s t\u00f6rzsvend\u00e9get tudhatunk m\u00e1r magunk\u00e9nak, amelyeknek k\u00f6sz\u00f6nhet\u0151en folytatjuk tov\u00e1bb \u00e1lmaink megval\u00f3s\u00edt\u00e1s\u00e1t. Mint ahogy senki, mi sem vagyunk t\u00f6k\u00e9letesek, de azt az elvet valljuk, hogy a pozit\u00edv visszajelz\u00e9sekt\u0151l er\u0151t, a negat\u00edv kritik\u00e1kt\u00f3l pedig tapasztalatot \u00e9s \u00faj lend\u00fcletet kapunk.<\/p>\t\t\t\t\t\t\t\t<\/div>\n\t\t\t\t<\/div>\n\t\t\t\t\t<\/div>\n\t\t<\/div>\n\t\t\t\t\t<\/div>\n\t\t<\/section>\n\t\t\t\t<section class=\"elementor-section elementor-top-section elementor-element elementor-element-a56300d elementor-section-stretched elementor-section-full_width elementor-section-height-default elementor-section-height-default\" data-id=\"a56300d\" data-element_type=\"section\" data-settings=\"{&quot;stretch_section&quot;:&quot;section-stretched&quot;}\">\n\t\t\t\t\t\t<div class=\"elementor-container elementor-column-gap-no\">\n\t\t\t\t\t<div class=\"elementor-column elementor-col-100 elementor-top-column elementor-element elementor-element-d15f82c\" data-id=\"d15f82c\" data-element_type=\"column\" data-settings=\"{&quot;background_background&quot;:&quot;classic&quot;}\">\n\t\t\t<div class=\"elementor-widget-wrap elementor-element-populated\">\n\t\t\t\t\t\t<div class=\"elementor-element elementor-element-3280863 elementor-widget elementor-widget-image\" data-id=\"3280863\" data-element_type=\"widget\" data-widget_type=\"image.default\">\n\t\t\t\t<div class=\"elementor-widget-container\">\n\t\t\t\t\t\t\t\t\t\t\t\t\t\t\t<img fetchpriority=\"high\" decoding=\"async\" width=\"311\" height=\"197\" src=\"https:\/\/thermalhotelgarden.hu\/dev_ujoldal\/wp-content\/uploads\/2025\/03\/level.svg\" class=\"attachment-large size-large wp-image-7559\" alt=\"\" \/>\t\t\t\t\t\t\t\t\t\t\t\t\t\t\t<\/div>\n\t\t\t\t<\/div>\n\t\t\t\t<div class=\"elementor-element elementor-element-d61f012 elementor-widget__width-initial elementor-widget elementor-widget-text-editor\" data-id=\"d61f012\" data-element_type=\"widget\" data-widget_type=\"text-editor.default\">\n\t\t\t\t<div class=\"elementor-widget-container\">\n\t\t\t\t\t\t\t\t\t<p>A <strong>Thermal Hotel Garden<\/strong> \u00f6sszesen 80 darab Standard szob\u00e1val \u00e9s 4 darab Superior szob\u00e1val rendelkezik. Szolg\u00e1ltat\u00e1saink k\u00f6z\u00e9 tartozik a 8 \u00e9lm\u00e9nyelemmel felszerelt k\u00fclt\u00e9ri medence, a fedett gy\u00f3gyvizes medence, k\u00fclt\u00e9ri jacuzzi, szauna, fitness terem, massz\u00e1zs, j\u00e1tsz\u00f3szoba, x-box szoba vagy a k\u00fclt\u00e9ri sportol\u00e1si lehet\u0151s\u00e9gek ig\u00e9nybev\u00e9tele. Sz\u00e1llod\u00e1nk 1 utc\u00e1nyira tal\u00e1lhat\u00f3 a h\u00edres M\u00e1ty\u00e1s Kir\u00e1ly s\u00e9t\u00e1nyt\u00f3l, illetve b\u00e1rok-, \u00fczletek-, \u00e9ttermek-, sz\u00f3rakoz\u00e1si lehet\u0151s\u00e9gekt\u0151l. Hajd\u00faszoboszl\u00f3 ny\u00e1ron sz\u00e1mos programlehet\u0151s\u00e9get \u00e9s kikapcsol\u00f3d\u00e1st ny\u00fajt az idel\u00e1togat\u00f3k sz\u00e1m\u00e1ra, melyekr\u0151l nem \u00e9rdemes lemaradni.<\/p>\t\t\t\t\t\t\t\t<\/div>\n\t\t\t\t<\/div>\n\t\t\t\t<div class=\"elementor-element elementor-element-ecddbf9 elementor-widget elementor-widget-video\" data-id=\"ecddbf9\" data-element_type=\"widget\" data-settings=\"{&quot;youtube_url&quot;:&quot;https:\\\/\\\/www.youtube.com\\\/watch?v=Mf0oZrLGZik&amp;ab_channel=ThermalHotelGarden&quot;,&quot;video_type&quot;:&quot;youtube&quot;,&quot;controls&quot;:&quot;yes&quot;}\" data-widget_type=\"video.default\">\n\t\t\t\t<div class=\"elementor-widget-container\">\n\t\t\t\t\t\t\t<div class=\"elementor-wrapper elementor-open-inline\">\n\t\t\t<div class=\"elementor-video\"><\/div>\t\t<\/div>\n\t\t\t\t\t\t<\/div>\n\t\t\t\t<\/div>\n\t\t\t\t\t<\/div>\n\t\t<\/div>\n\t\t\t\t\t<\/div>\n\t\t<\/section>\n\t\t\t\t<\/div>\n\t\t","protected":false},"excerpt":{"rendered":"<p>THERMAL HOTEL GARDEN Bemutatkozunk \u201cKicsinyke\u201d, csal\u00e1di tulajdon\u00fa sz\u00e1llod\u00e1nk Hajd\u00faszoboszl\u00f3 sz\u00edv\u00e9ben, az \u00fcd\u00fcl\u0151\u00f6vezetben, a Hungarospa f\u00fcrd\u0151komplexumt\u00f3l mind\u00f6sszesen 5 perc s\u00e9t\u00e1ra tal\u00e1lhat\u00f3. Sz\u00e1llod\u00e1nk k\u00fcl\u00f6nlegess\u00e9ge \u2013 amir\u0151l a nev\u00e9t is kapta \u2013 a k\u00f6zel 1 hekt\u00e1ros z\u00f6ld \u00f6vezet, amely t\u00f6bbf\u00e9le n\u00f6v\u00e9nynek, illetve madaraknak, m\u00f3kusoknak ad otthont. \u00d3ri\u00e1si nagy tervekkel indulva 2018-ban hozz\u00e1fogtunk a sz\u00e1lloda fel\u00faj\u00edt\u00e1s\u00e1nak, illetve \u00e1talak\u00edt\u00e1s\u00e1nak, melynek [&hellip;]<\/p>\n","protected":false},"author":1,"featured_media":0,"parent":0,"menu_order":0,"comment_status":"closed","ping_status":"closed","template":"elementor_theme","meta":{"footnotes":""},"class_list":["post-8028","page","type-page","status-publish","hentry"],"_links":{"self":[{"href":"https:\/\/thermalhotelgarden.hu\/dev_ujoldal\/wp-json\/wp\/v2\/pages\/8028","targetHints":{"allow":["GET"]}}],"collection":[{"href":"https:\/\/thermalhotelgarden.hu\/dev_ujoldal\/wp-json\/wp\/v2\/pages"}],"about":[{"href":"https:\/\/thermalhotelgarden.hu\/dev_ujoldal\/wp-json\/wp\/v2\/types\/page"}],"author":[{"embeddable":true,"href":"https:\/\/thermalhotelgarden.hu\/dev_ujoldal\/wp-json\/wp\/v2\/users\/1"}],"replies":[{"embeddable":true,"href":"https:\/\/thermalhotelgarden.hu\/dev_ujoldal\/wp-json\/wp\/v2\/comments?post=8028"}],"version-history":[{"count":188,"href":"https:\/\/thermalhotelgarden.hu\/dev_ujoldal\/wp-json\/wp\/v2\/pages\/8028\/revisions"}],"predecessor-version":[{"id":9276,"href":"https:\/\/thermalhotelgarden.hu\/dev_ujoldal\/wp-json\/wp\/v2\/pages\/8028\/revisions\/9276"}],"wp:attachment":[{"href":"https:\/\/thermalhotelgarden.hu\/dev_ujoldal\/wp-json\/wp\/v2\/media?parent=8028"}],"curies":[{"name":"wp","href":"https:\/\/api.w.org\/{rel}","templated":true}]}}