{"id":1267,"date":"2024-05-08T15:29:31","date_gmt":"2024-05-08T13:29:31","guid":{"rendered":"https:\/\/thermalhotelgarden.hu\/?page_id=1267"},"modified":"2025-03-19T13:37:18","modified_gmt":"2025-03-19T12:37:18","slug":"fizetoeszkozok","status":"publish","type":"page","link":"https:\/\/thermalhotelgarden.hu\/en\/fizetoeszkozok\/","title":{"rendered":"Payment instruments"},"content":{"rendered":"\t\t<div data-elementor-type=\"wp-page\" data-elementor-id=\"1267\" class=\"elementor elementor-1267\" data-elementor-post-type=\"page\">\n\t\t\t\t\t\t<section class=\"elementor-section elementor-top-section elementor-element elementor-element-db64d2a elementor-section-stretched elementor-section-full_width elementor-section-height-default elementor-section-height-default\" data-id=\"db64d2a\" data-element_type=\"section\" data-e-type=\"section\" data-settings=\"{&quot;stretch_section&quot;:&quot;section-stretched&quot;,&quot;background_background&quot;:&quot;classic&quot;,&quot;background_motion_fx_motion_fx_scrolling&quot;:&quot;yes&quot;,&quot;background_motion_fx_translateY_effect&quot;:&quot;yes&quot;,&quot;background_motion_fx_translateY_speed&quot;:{&quot;unit&quot;:&quot;px&quot;,&quot;size&quot;:4,&quot;sizes&quot;:[]},&quot;background_motion_fx_translateY_affectedRange&quot;:{&quot;unit&quot;:&quot;%&quot;,&quot;size&quot;:&quot;&quot;,&quot;sizes&quot;:{&quot;start&quot;:0,&quot;end&quot;:100}},&quot;background_motion_fx_devices&quot;:[&quot;desktop&quot;,&quot;tablet&quot;,&quot;mobile&quot;]}\">\n\t\t\t\t\t\t<div class=\"elementor-container elementor-column-gap-no\">\n\t\t\t\t\t<div class=\"elementor-column elementor-col-100 elementor-top-column elementor-element elementor-element-105cdf0\" data-id=\"105cdf0\" data-element_type=\"column\" data-e-type=\"column\" data-settings=\"{&quot;background_background&quot;:&quot;classic&quot;,&quot;background_motion_fx_motion_fx_scrolling&quot;:&quot;yes&quot;,&quot;background_motion_fx_translateY_effect&quot;:&quot;yes&quot;,&quot;background_motion_fx_translateY_speed&quot;:{&quot;unit&quot;:&quot;px&quot;,&quot;size&quot;:4,&quot;sizes&quot;:[]},&quot;background_motion_fx_translateY_affectedRange&quot;:{&quot;unit&quot;:&quot;%&quot;,&quot;size&quot;:&quot;&quot;,&quot;sizes&quot;:{&quot;start&quot;:0,&quot;end&quot;:100}},&quot;background_motion_fx_devices&quot;:[&quot;desktop&quot;,&quot;tablet&quot;,&quot;mobile&quot;]}\">\n\t\t\t<div class=\"elementor-widget-wrap elementor-element-populated\">\n\t\t\t\t\t<div class=\"elementor-background-overlay\"><\/div>\n\t\t\t\t\t\t<div class=\"elementor-element elementor-element-d96d582 elementor-widget elementor-widget-image\" data-id=\"d96d582\" data-element_type=\"widget\" data-e-type=\"widget\" data-widget_type=\"image.default\">\n\t\t\t\t<div class=\"elementor-widget-container\">\n\t\t\t\t\t\t\t\t\t\t\t\t\t\t\t<img fetchpriority=\"high\" decoding=\"async\" width=\"980\" height=\"980\" src=\"https:\/\/thermalhotelgarden.hu\/wp-content\/uploads\/2025\/03\/level.svg\" class=\"attachment-large size-large wp-image-3621\" alt=\"\" \/>\t\t\t\t\t\t\t\t\t\t\t\t\t\t\t<\/div>\n\t\t\t\t<\/div>\n\t\t\t\t<div class=\"elementor-element elementor-element-4354d51 elementor-widget elementor-widget-heading\" data-id=\"4354d51\" data-element_type=\"widget\" data-e-type=\"widget\" data-widget_type=\"heading.default\">\n\t\t\t\t<div class=\"elementor-widget-container\">\n\t\t\t\t\t<h5 class=\"elementor-heading-title elementor-size-default\">THERMAL HOTEL GARDEN<\/h5>\t\t\t\t<\/div>\n\t\t\t\t<\/div>\n\t\t\t\t<div class=\"elementor-element elementor-element-1a8d130 elementor-widget elementor-widget-heading\" data-id=\"1a8d130\" data-element_type=\"widget\" data-e-type=\"widget\" data-widget_type=\"heading.default\">\n\t\t\t\t<div class=\"elementor-widget-container\">\n\t\t\t\t\t<h2 class=\"elementor-heading-title elementor-size-default\">Fizet\u0151eszk\u00f6z\u00f6k<\/h2>\t\t\t\t<\/div>\n\t\t\t\t<\/div>\n\t\t\t\t<div class=\"elementor-element elementor-element-3b0812c elementor-widget elementor-widget-spacer\" data-id=\"3b0812c\" data-element_type=\"widget\" data-e-type=\"widget\" data-widget_type=\"spacer.default\">\n\t\t\t\t<div class=\"elementor-widget-container\">\n\t\t\t\t\t\t\t<div class=\"elementor-spacer\">\n\t\t\t<div class=\"elementor-spacer-inner\"><\/div>\n\t\t<\/div>\n\t\t\t\t\t\t<\/div>\n\t\t\t\t<\/div>\n\t\t\t\t\t<\/div>\n\t\t<\/div>\n\t\t\t\t\t<\/div>\n\t\t<\/section>\n\t\t\t\t<section class=\"elementor-section elementor-top-section elementor-element elementor-element-28fbd23f elementor-section-stretched elementor-section-full_width elementor-section-height-default elementor-section-height-default\" data-id=\"28fbd23f\" data-element_type=\"section\" data-e-type=\"section\" data-settings=\"{&quot;stretch_section&quot;:&quot;section-stretched&quot;}\">\n\t\t\t\t\t\t<div class=\"elementor-container elementor-column-gap-no\">\n\t\t\t\t\t<div class=\"elementor-column elementor-col-100 elementor-top-column elementor-element elementor-element-4d0f2762\" data-id=\"4d0f2762\" data-element_type=\"column\" data-e-type=\"column\" data-settings=\"{&quot;background_background&quot;:&quot;classic&quot;}\">\n\t\t\t<div class=\"elementor-widget-wrap elementor-element-populated\">\n\t\t\t\t\t\t<div class=\"elementor-element elementor-element-7112a416 elementor-widget__width-initial elementor-widget elementor-widget-text-editor\" data-id=\"7112a416\" data-element_type=\"widget\" data-e-type=\"widget\" data-widget_type=\"text-editor.default\">\n\t\t\t\t<div class=\"elementor-widget-container\">\n\t\t\t\t\t\t\t\t\t<h4>Sz\u00e1llod\u00e1nkban az al\u00e1bbi eszk\u00f6z\u00f6kkel tud fizetni:<\/h4><ul><li>k\u00e9szp\u00e9nz<\/li><li>bankk\u00e1rtya (Master, Visa, Maestro, AMEX)<\/li><li>Sz\u00e9chenyi Pihen\u0151 (SZ\u00c9P) K\u00e1rtya \u2013 MKB, OTP \u00e9s K&amp;H SZ\u00c9P K\u00e1rty\u00e1val is fizethetnek. (kiv\u00e9ve az Idegenforgalmi Ad\u00f3 (IFA), ami nem fizethet\u0151 SZ\u00c9P K\u00e1rty\u00e1val)<\/li><li>saj\u00e1t aj\u00e1nd\u00e9kutalv\u00e1nyunk<\/li><\/ul><h4>Fogyaszt\u00e1sok, szolg\u00e1ltat\u00e1sok ut\u00e1ni fizet\u00e9s:<\/h4><p>Sz\u00e1ll\u00f3vend\u00e9geink a foglal\u00e1si \u00e1rat az \u00e9rkez\u00e9s napj\u00e1n k\u00f6telesek megt\u00e9r\u00edteni, de fogyaszt\u00e1saikat kiz\u00e1r\u00f3lag szobasz\u00e1ml\u00e1jukra tudjuk terhelni, amit a recepci\u00f3n t\u00e1voz\u00e1skor egyenl\u00edthetnek ki.<\/p><h4>Hasznos inform\u00e1ci\u00f3k a SZ\u00c9P K\u00e1rtya felhaszn\u00e1l\u00e1s\u00e1val kapcsolatban:<\/h4><ul><li>Fontos, hogy az els\u0151 haszn\u00e1lat el\u0151tt aktiv\u00e1lj\u00e1k k\u00e1rty\u00e1jukat \u2013 ez t\u00f6rt\u00e9nhet telefonon \u00e9s interneten is. A k\u00e1rtya telefonos \u00fcgyint\u00e9z\u00e9s eset\u00e9n \u00e1ltal\u00e1ban 1 \u00f3r\u00e1n bel\u00fcl lesz akt\u00edv.<\/li><li>A szolg\u00e1ltat\u00e1sokat \u00d6n \u00e9s k\u00f6zeli hozz\u00e1tartoz\u00f3i (+\u00e9lett\u00e1rs) vehetik ig\u00e9nybe.<\/li><li>Fizet\u00e9s eset\u00e9n tudnia kell, sz\u00e1ml\u00e1j\u00e1n mekkora \u00f6sszeg \u00e1ll rendelkez\u00e9sre, melyet saj\u00e1t oldal\u00e1ra bel\u00e9pve ellen\u0151rizhet.<\/li><li>A sz\u00e1ll\u00e1shelyen a sz\u00e1ll\u00e1s-szolg\u00e1ltat\u00e1ssal egy\u00fcttesen fizethet\u0151 b\u00e1rmely szolg\u00e1ltat\u00e1s (pl.: massz\u00e1zs, fogyaszt\u00e1s) SZ\u00c9P K\u00e1rty\u00e1val.<\/li><li>SZ\u00c9P K\u00e1rty\u00e1j\u00e1val foglal\u00f3t is fizethet. A foglal\u00f3 SZ\u00c9P k\u00e1rty\u00e1val t\u00f6rt\u00e9n\u0151 fizet\u00e9sekor a k\u00e9s\u0151bbi lemond\u00e1s eset\u00e9n a befizetett \u00f6sszeg k\u00e9szp\u00e9nzre nem v\u00e1lthat\u00f3 \u00e1t, kiz\u00e1r\u00f3lag sz\u00e9p k\u00e1rty\u00e1ra t\u00f6rt\u00e9n\u0151 visszutal\u00e1s lehets\u00e9ges.<\/li><li>MKB \u00e9s OTP SZ\u00c9P k\u00e1rty\u00e1s fizet\u00e9s eset\u00e9n vend\u00e9geink a weboldalunkon azonnal kitudj\u00e1k egyenl\u00edteni az el\u0151leg \u00f6sszeg\u00e9t.<\/li><li>Idegenforgalmi Ad\u00f3 (IFA) nem fizethet\u0151 SZ\u00c9P K\u00e1rty\u00e1val.<\/li><li>Az MKB Sz\u00e9p K\u00e1rty\u00e1hoz egyedi PIN k\u00f3d nem tartozik. PIN k\u00f3d k\u00e9r\u00e9se eset\u00e9n az al\u00e1bbi k\u00f3dot kell be\u00fctni: 1111.<\/li><li>A SZ\u00c9P k\u00e1rty\u00e1val t\u00f6rt\u00e9n\u0151 fizet\u00e9sek eset\u00e9n a vissza\u00e9l\u00e9sek elker\u00fcl\u00e9s\u00e9nek \u00e9rdek\u00e9ben fontos, hogy koll\u00e9g\u00e1ink ellen\u0151rizni tudj\u00e1k szem\u00e9lyazonoss\u00e1g\u00e1t, \u00e9s ellen\u0151rzik a bizonylaton, hogy a fizet\u00e9si tranzakci\u00f3 sikeres volt-e.<\/li><li>Az adott \u00e9vben juttatott \u00f6sszeg a k\u00f6vetkez\u0151 \u00e9vet k\u00f6vet\u0151 \u00e9v m\u00e1jus 31-ig haszn\u00e1lhat\u00f3 fel.<\/li><\/ul>\t\t\t\t\t\t\t\t<\/div>\n\t\t\t\t<\/div>\n\t\t\t\t\t<\/div>\n\t\t<\/div>\n\t\t\t\t\t<\/div>\n\t\t<\/section>\n\t\t\t\t<\/div>\n\t\t","protected":false},"excerpt":{"rendered":"<p>THERMAL HOTEL GARDEN Fizet\u0151eszk\u00f6z\u00f6k Sz\u00e1llod\u00e1nkban az al\u00e1bbi eszk\u00f6z\u00f6kkel tud fizetni: k\u00e9szp\u00e9nz bankk\u00e1rtya (Master, Visa, Maestro, AMEX) Sz\u00e9chenyi Pihen\u0151 (SZ\u00c9P) K\u00e1rtya \u2013 MKB, OTP \u00e9s K&amp;H &#8230; <a title=\"Payment instruments\" class=\"read-more\" href=\"https:\/\/thermalhotelgarden.hu\/en\/fizetoeszkozok\/\" aria-label=\"More on Fizet\u0151eszk\u00f6z\u00f6k\">Read more<\/a><\/p>","protected":false},"author":3,"featured_media":0,"parent":0,"menu_order":0,"comment_status":"closed","ping_status":"closed","template":"elementor_theme","meta":{"inline_featured_image":false,"footnotes":""},"class_list":["post-1267","page","type-page","status-publish","hentry"],"aioseo_notices":[],"_links":{"self":[{"href":"https:\/\/thermalhotelgarden.hu\/en\/wp-json\/wp\/v2\/pages\/1267","targetHints":{"allow":["GET"]}}],"collection":[{"href":"https:\/\/thermalhotelgarden.hu\/en\/wp-json\/wp\/v2\/pages"}],"about":[{"href":"https:\/\/thermalhotelgarden.hu\/en\/wp-json\/wp\/v2\/types\/page"}],"author":[{"embeddable":true,"href":"https:\/\/thermalhotelgarden.hu\/en\/wp-json\/wp\/v2\/users\/3"}],"replies":[{"embeddable":true,"href":"https:\/\/thermalhotelgarden.hu\/en\/wp-json\/wp\/v2\/comments?post=1267"}],"version-history":[{"count":46,"href":"https:\/\/thermalhotelgarden.hu\/en\/wp-json\/wp\/v2\/pages\/1267\/revisions"}],"predecessor-version":[{"id":4473,"href":"https:\/\/thermalhotelgarden.hu\/en\/wp-json\/wp\/v2\/pages\/1267\/revisions\/4473"}],"wp:attachment":[{"href":"https:\/\/thermalhotelgarden.hu\/en\/wp-json\/wp\/v2\/media?parent=1267"}],"curies":[{"name":"wp","href":"https:\/\/api.w.org\/{rel}","templated":true}]}}