{"id":3127,"date":"2025-01-02T11:37:10","date_gmt":"2025-01-02T10:37:10","guid":{"rendered":"https:\/\/thermalhotelgarden.hu\/?page_id=3127"},"modified":"2026-01-11T14:09:48","modified_gmt":"2026-01-11T13:09:48","slug":"torzsvendeg-program","status":"publish","type":"page","link":"https:\/\/thermalhotelgarden.hu\/en\/torzsvendeg-program\/","title":{"rendered":"Frequent Guest Programme"},"content":{"rendered":"\t\t<div data-elementor-type=\"wp-page\" data-elementor-id=\"3127\" class=\"elementor elementor-3127\" data-elementor-post-type=\"page\">\n\t\t\t\t\t\t<section class=\"elementor-section elementor-top-section elementor-element elementor-element-6743aac elementor-section-stretched elementor-section-full_width elementor-section-height-default elementor-section-height-default\" data-id=\"6743aac\" data-element_type=\"section\" data-e-type=\"section\" data-settings=\"{&quot;stretch_section&quot;:&quot;section-stretched&quot;,&quot;background_background&quot;:&quot;classic&quot;,&quot;background_motion_fx_motion_fx_scrolling&quot;:&quot;yes&quot;,&quot;background_motion_fx_translateY_effect&quot;:&quot;yes&quot;,&quot;background_motion_fx_translateY_speed&quot;:{&quot;unit&quot;:&quot;px&quot;,&quot;size&quot;:4,&quot;sizes&quot;:[]},&quot;background_motion_fx_translateY_affectedRange&quot;:{&quot;unit&quot;:&quot;%&quot;,&quot;size&quot;:&quot;&quot;,&quot;sizes&quot;:{&quot;start&quot;:0,&quot;end&quot;:100}},&quot;background_motion_fx_devices&quot;:[&quot;desktop&quot;,&quot;tablet&quot;,&quot;mobile&quot;]}\">\n\t\t\t\t\t\t<div class=\"elementor-container elementor-column-gap-no\">\n\t\t\t\t\t<div class=\"elementor-column elementor-col-100 elementor-top-column elementor-element elementor-element-3055bc6\" data-id=\"3055bc6\" data-element_type=\"column\" data-e-type=\"column\" data-settings=\"{&quot;background_background&quot;:&quot;classic&quot;,&quot;background_motion_fx_motion_fx_scrolling&quot;:&quot;yes&quot;,&quot;background_motion_fx_translateY_effect&quot;:&quot;yes&quot;,&quot;background_motion_fx_translateY_speed&quot;:{&quot;unit&quot;:&quot;px&quot;,&quot;size&quot;:4,&quot;sizes&quot;:[]},&quot;background_motion_fx_translateY_affectedRange&quot;:{&quot;unit&quot;:&quot;%&quot;,&quot;size&quot;:&quot;&quot;,&quot;sizes&quot;:{&quot;start&quot;:0,&quot;end&quot;:100}},&quot;background_motion_fx_devices&quot;:[&quot;desktop&quot;,&quot;tablet&quot;,&quot;mobile&quot;]}\">\n\t\t\t<div class=\"elementor-widget-wrap elementor-element-populated\">\n\t\t\t\t\t<div class=\"elementor-background-overlay\"><\/div>\n\t\t\t\t\t\t<div class=\"elementor-element elementor-element-0c3738b elementor-widget elementor-widget-image\" data-id=\"0c3738b\" data-element_type=\"widget\" data-e-type=\"widget\" data-widget_type=\"image.default\">\n\t\t\t\t<div class=\"elementor-widget-container\">\n\t\t\t\t\t\t\t\t\t\t\t\t\t\t\t<img fetchpriority=\"high\" decoding=\"async\" width=\"980\" height=\"980\" src=\"https:\/\/thermalhotelgarden.hu\/wp-content\/uploads\/2025\/03\/level.svg\" class=\"attachment-large size-large wp-image-3621\" alt=\"\" \/>\t\t\t\t\t\t\t\t\t\t\t\t\t\t\t<\/div>\n\t\t\t\t<\/div>\n\t\t\t\t<div class=\"elementor-element elementor-element-1e51e24 elementor-widget elementor-widget-heading\" data-id=\"1e51e24\" data-element_type=\"widget\" data-e-type=\"widget\" data-widget_type=\"heading.default\">\n\t\t\t\t<div class=\"elementor-widget-container\">\n\t\t\t\t\t<h5 class=\"elementor-heading-title elementor-size-default\">THERMAL HOTEL GARDEN<\/h5>\t\t\t\t<\/div>\n\t\t\t\t<\/div>\n\t\t\t\t<div class=\"elementor-element elementor-element-91e3a30 elementor-widget elementor-widget-heading\" data-id=\"91e3a30\" data-element_type=\"widget\" data-e-type=\"widget\" data-widget_type=\"heading.default\">\n\t\t\t\t<div class=\"elementor-widget-container\">\n\t\t\t\t\t<h2 class=\"elementor-heading-title elementor-size-default\">T\u00f6rzsvend\u00e9g program<\/h2>\t\t\t\t<\/div>\n\t\t\t\t<\/div>\n\t\t\t\t<div class=\"elementor-element elementor-element-16f6953 elementor-widget elementor-widget-spacer\" data-id=\"16f6953\" data-element_type=\"widget\" data-e-type=\"widget\" data-widget_type=\"spacer.default\">\n\t\t\t\t<div class=\"elementor-widget-container\">\n\t\t\t\t\t\t\t<div class=\"elementor-spacer\">\n\t\t\t<div class=\"elementor-spacer-inner\"><\/div>\n\t\t<\/div>\n\t\t\t\t\t\t<\/div>\n\t\t\t\t<\/div>\n\t\t\t\t\t<\/div>\n\t\t<\/div>\n\t\t\t\t\t<\/div>\n\t\t<\/section>\n\t\t\t\t<section class=\"elementor-section elementor-top-section elementor-element elementor-element-5852394a elementor-section-stretched elementor-section-full_width elementor-section-height-default elementor-section-height-default\" data-id=\"5852394a\" data-element_type=\"section\" data-e-type=\"section\" data-settings=\"{&quot;stretch_section&quot;:&quot;section-stretched&quot;}\">\n\t\t\t\t\t\t<div class=\"elementor-container elementor-column-gap-no\">\n\t\t\t\t\t<div class=\"elementor-column elementor-col-100 elementor-top-column elementor-element elementor-element-283acfda\" data-id=\"283acfda\" data-element_type=\"column\" data-e-type=\"column\" data-settings=\"{&quot;background_background&quot;:&quot;classic&quot;}\">\n\t\t\t<div class=\"elementor-widget-wrap elementor-element-populated\">\n\t\t\t\t\t\t<div class=\"elementor-element elementor-element-2d95239 elementor-widget elementor-widget-image\" data-id=\"2d95239\" data-element_type=\"widget\" data-e-type=\"widget\" data-widget_type=\"image.default\">\n\t\t\t\t<div class=\"elementor-widget-container\">\n\t\t\t\t\t\t\t\t\t\t\t\t\t\t\t<img fetchpriority=\"high\" decoding=\"async\" width=\"980\" height=\"980\" src=\"https:\/\/thermalhotelgarden.hu\/wp-content\/uploads\/2025\/03\/level.svg\" class=\"attachment-large size-large wp-image-3621\" alt=\"\" \/>\t\t\t\t\t\t\t\t\t\t\t\t\t\t\t<\/div>\n\t\t\t\t<\/div>\n\t\t\t\t<div class=\"elementor-element elementor-element-7c78c464 elementor-widget__width-initial elementor-widget elementor-widget-text-editor\" data-id=\"7c78c464\" data-element_type=\"widget\" data-e-type=\"widget\" data-widget_type=\"text-editor.default\">\n\t\t\t\t<div class=\"elementor-widget-container\">\n\t\t\t\t\t\t\t\t\t<p>Szeretn\u00e9nk megk\u00f6sz\u00f6nni visszat\u00e9r\u0151 vend\u00e9geink bizalm\u00e1t, hogy t\u00f6bbsz\u00f6ri alkalommal sz\u00e1llod\u00e1nkat v\u00e1lasztj\u00e1k. Ennek ok\u00e1n a k\u00f6vetkez\u0151 kedvezm\u00e9nyeket biztos\u00edtjuk:<\/p>\t\t\t\t\t\t\t\t<\/div>\n\t\t\t\t<\/div>\n\t\t\t\t<section class=\"elementor-section elementor-inner-section elementor-element elementor-element-245afd1a elementor-section-boxed elementor-section-height-default elementor-section-height-default\" data-id=\"245afd1a\" data-element_type=\"section\" data-e-type=\"section\">\n\t\t\t\t\t\t<div class=\"elementor-container elementor-column-gap-no\">\n\t\t\t\t\t<div class=\"elementor-column elementor-col-50 elementor-inner-column elementor-element elementor-element-10f3ca70\" data-id=\"10f3ca70\" data-element_type=\"column\" data-e-type=\"column\" data-settings=\"{&quot;background_background&quot;:&quot;classic&quot;}\">\n\t\t\t<div class=\"elementor-widget-wrap elementor-element-populated\">\n\t\t\t\t\t\t<div class=\"elementor-element elementor-element-5121f6af elementor-cta--skin-cover elementor-cta--valign-bottom elementor-widget elementor-widget-call-to-action\" data-id=\"5121f6af\" data-element_type=\"widget\" data-e-type=\"widget\" data-widget_type=\"call-to-action.default\">\n\t\t\t\t<div class=\"elementor-widget-container\">\n\t\t\t\t\t\t\t<div class=\"elementor-cta\">\n\t\t\t\t\t<div class=\"elementor-cta__bg-wrapper\">\n\t\t\t\t<div class=\"elementor-cta__bg elementor-bg\" style=\"background-image: url(https:\/\/thermalhotelgarden.hu\/wp-content\/uploads\/2025\/03\/csomagok3.webp);\" role=\"img\" aria-label=\"csomagok3.webp\"><\/div>\n\t\t\t\t<div class=\"elementor-cta__bg-overlay\"><\/div>\n\t\t\t<\/div>\n\t\t\t\t\t\t\t<div class=\"elementor-cta__content\">\n\t\t\t\t\n\t\t\t\t\t\t\t\t\t<h2 class=\"elementor-cta__title elementor-cta__content-item elementor-content-item\">\n\t\t\t\t\t\tSilver Csomag\t\t\t\t\t<\/h2>\n\t\t\t\t\n\t\t\t\t\n\t\t\t\t\t\t\t<\/div>\n\t\t\t\t\t\t<\/div>\n\t\t\t\t\t\t<\/div>\n\t\t\t\t<\/div>\n\t\t\t\t<div class=\"elementor-element elementor-element-1083cb90 elementor-widget__width-initial elementor-widget-tablet__width-inherit elementor-widget elementor-widget-text-editor\" data-id=\"1083cb90\" data-element_type=\"widget\" data-e-type=\"widget\" data-widget_type=\"text-editor.default\">\n\t\t\t\t<div class=\"elementor-widget-container\">\n\t\t\t\t\t\t\t\t\t<p>T\u00f6rzsvend\u00e9g csomagunkba honlapunkon b\u00e1rki bel\u00e9phet \u00e9s a Garden \u00c9lm\u00e9nyek csomag \u00e1r\u00e1b\u00f3l\u2013 \u00faj foglal\u00e1sok eset\u00e9ben \u2013 tov\u00e1bbi 5% kedvezm\u00e9nyt biztos\u00edtunk.<\/p><p>T\u00f6rzsvend\u00e9g kedvezm\u00e9ny\u00fcnk\u00a0 m\u00e1jus 04-e \u00e9s szeptember 30-a k\u00f6z\u00f6tti foglal\u00e1sok eset\u00e9ben vehet\u0151 ig\u00e9nybe &#8211; kiv\u00e9ve az \u00fcnnepnapokat \u00e9s kedvezm\u00e9nyes csomagaj\u00e1nlatokat.<\/p>\t\t\t\t\t\t\t\t<\/div>\n\t\t\t\t<\/div>\n\t\t\t\t\t<\/div>\n\t\t<\/div>\n\t\t\t\t<div class=\"elementor-column elementor-col-50 elementor-inner-column elementor-element elementor-element-658218e0\" data-id=\"658218e0\" data-element_type=\"column\" data-e-type=\"column\" data-settings=\"{&quot;background_background&quot;:&quot;classic&quot;}\">\n\t\t\t<div class=\"elementor-widget-wrap elementor-element-populated\">\n\t\t\t\t\t\t<div class=\"elementor-element elementor-element-75d2ca5c elementor-cta--skin-cover elementor-cta--valign-bottom elementor-widget elementor-widget-call-to-action\" data-id=\"75d2ca5c\" data-element_type=\"widget\" data-e-type=\"widget\" data-widget_type=\"call-to-action.default\">\n\t\t\t\t<div class=\"elementor-widget-container\">\n\t\t\t\t\t\t\t<div class=\"elementor-cta\">\n\t\t\t\t\t<div class=\"elementor-cta__bg-wrapper\">\n\t\t\t\t<div class=\"elementor-cta__bg elementor-bg\" style=\"background-image: url(https:\/\/thermalhotelgarden.hu\/wp-content\/uploads\/2025\/03\/csomagok1.webp);\" role=\"img\" aria-label=\"csomagok1.webp\"><\/div>\n\t\t\t\t<div class=\"elementor-cta__bg-overlay\"><\/div>\n\t\t\t<\/div>\n\t\t\t\t\t\t\t<div class=\"elementor-cta__content\">\n\t\t\t\t\n\t\t\t\t\t\t\t\t\t<h2 class=\"elementor-cta__title elementor-cta__content-item elementor-content-item\">\n\t\t\t\t\t\tGold csomag\t\t\t\t\t<\/h2>\n\t\t\t\t\n\t\t\t\t\n\t\t\t\t\t\t\t<\/div>\n\t\t\t\t\t\t<\/div>\n\t\t\t\t\t\t<\/div>\n\t\t\t\t<\/div>\n\t\t\t\t<div class=\"elementor-element elementor-element-d9340c5 elementor-widget__width-initial elementor-widget-tablet__width-inherit elementor-widget elementor-widget-text-editor\" data-id=\"d9340c5\" data-element_type=\"widget\" data-e-type=\"widget\" data-widget_type=\"text-editor.default\">\n\t\t\t\t<div class=\"elementor-widget-container\">\n\t\t\t\t\t\t\t\t\t<p>Az el\u0151z\u0151 \u00e9vben minimum 11 szoba\u00e9jszaka elt\u00f6lt\u00e9se ut\u00e1n a honlapunkon tal\u00e1lhat\u00f3 Garden \u00c9lm\u00e9nyek csomagb\u00f3l \u2013 \u00faj foglal\u00e1sok eset\u00e9ben \u2013 tov\u00e1bbi 10% kedvezm\u00e9nyt biztos\u00edtunk.<\/p><p>A T\u00f6rzsvend\u00e9g kedvezm\u00e9ny m\u00e1jus 04-e \u00e9s szeptember 30-a k\u00f6z\u00f6tti foglal\u00e1sokra vehet\u0151 ig\u00e9nybe &#8211; kiv\u00e9ve az \u00fcnnepnapokat \u00e9s kedvezm\u00e9nyes csomagaj\u00e1nlatokat. Az \u00e9jszak\u00e1k sz\u00e1ma minden \u00e9vben december 31-\u00e9n null\u00e1z\u00f3dnak \u00e9s k\u00f6vetkez\u0151 \u00e9v janu\u00e1r 1-t\u0151l gy\u0171jthet\u0151ek \u00fajra.<\/p>\t\t\t\t\t\t\t\t<\/div>\n\t\t\t\t<\/div>\n\t\t\t\t\t<\/div>\n\t\t<\/div>\n\t\t\t\t\t<\/div>\n\t\t<\/section>\n\t\t\t\t\t<\/div>\n\t\t<\/div>\n\t\t\t\t\t<\/div>\n\t\t<\/section>\n\t\t\t\t<section class=\"elementor-section elementor-top-section elementor-element elementor-element-47e469c7 elementor-section-stretched elementor-section-full_width elementor-section-height-default elementor-section-height-default\" data-id=\"47e469c7\" data-element_type=\"section\" data-e-type=\"section\" data-settings=\"{&quot;stretch_section&quot;:&quot;section-stretched&quot;}\">\n\t\t\t\t\t\t<div class=\"elementor-container elementor-column-gap-no\">\n\t\t\t\t\t<div class=\"elementor-column elementor-col-100 elementor-top-column elementor-element elementor-element-65520329\" data-id=\"65520329\" data-element_type=\"column\" data-e-type=\"column\" data-settings=\"{&quot;background_background&quot;:&quot;classic&quot;}\">\n\t\t\t<div class=\"elementor-widget-wrap elementor-element-populated\">\n\t\t\t\t\t\t<div class=\"elementor-element elementor-element-160dc5fd elementor-widget elementor-widget-image\" data-id=\"160dc5fd\" data-element_type=\"widget\" data-e-type=\"widget\" data-widget_type=\"image.default\">\n\t\t\t\t<div class=\"elementor-widget-container\">\n\t\t\t\t\t\t\t\t\t\t\t\t\t\t\t<img fetchpriority=\"high\" decoding=\"async\" width=\"980\" height=\"980\" src=\"https:\/\/thermalhotelgarden.hu\/wp-content\/uploads\/2025\/03\/level.svg\" class=\"attachment-large size-large wp-image-3621\" alt=\"\" \/>\t\t\t\t\t\t\t\t\t\t\t\t\t\t\t<\/div>\n\t\t\t\t<\/div>\n\t\t\t\t<div class=\"elementor-element elementor-element-4804529f elementor-widget elementor-widget-heading\" data-id=\"4804529f\" data-element_type=\"widget\" data-e-type=\"widget\" data-widget_type=\"heading.default\">\n\t\t\t\t<div class=\"elementor-widget-container\">\n\t\t\t\t\t<h2 class=\"elementor-heading-title elementor-size-default\">Az ig\u00e9nybev\u00e9tel felt\u00e9telei:<\/h2>\t\t\t\t<\/div>\n\t\t\t\t<\/div>\n\t\t\t\t<div class=\"elementor-element elementor-element-2f8edac9 elementor-widget__width-initial elementor-widget elementor-widget-text-editor\" data-id=\"2f8edac9\" data-element_type=\"widget\" data-e-type=\"widget\" data-widget_type=\"text-editor.default\">\n\t\t\t\t<div class=\"elementor-widget-container\">\n\t\t\t\t\t\t\t\t\t<ul><li>A t\u00f6rzsvend\u00e9g kedvezm\u00e9nyt a foglal\u00e1s megt\u00e9telekor kell \u00e9rv\u00e9nyes\u00edteni, \u00e9rkez\u00e9skor a recepci\u00f3n ez m\u00e1r lehets\u00e9ges. K\u00e9rj\u00fck sz\u00fcks\u00e9g eset\u00e9n telefonon k\u00e9rj\u00e9k koll\u00e9g\u00e1nk seg\u00edts\u00e9g\u00e9t.<\/li><li>A kedvezm\u00e9nyt a visszaigazol\u00e1sban szerepl\u0151 brutt\u00f3 v\u00e9g\u00f6sszegb\u0151l biztos\u00edtjuk.<\/li><li>A t\u00f6rzsvend\u00e9g kedvezm\u00e9ny kiz\u00e1r\u00f3lag k\u00f6zvetlen, a sz\u00e1llod\u00e1n\u00e1l t\u00f6rt\u00e9n\u0151 foglal\u00e1s eset\u00e9n \u00e9rv\u00e9nyes, amelyet a vend\u00e9gnek mag\u00e1nak kell weboldalunkon megtennie.<\/li><li>A szoba\u00e9jszak\u00e1k sz\u00e1ma egy napt\u00e1ri \u00e9vben gy\u0171jthet\u0151, adott \u00e9v janu\u00e1r 01. \u00e9s december 31. k\u00f6z\u00f6tt, a t\u00f6rzsvend\u00e9gkedvezm\u00e9ny tulajdonosa \u00e1ltal lakott szoba ut\u00e1n.<\/li><li>A szoba\u00e9jszak\u00e1k \u00f6sszes\u00edt\u00e9se a t\u00e1rgy\u00e9vet k\u00f6vet\u0151 janu\u00e1r 15-ig t\u00f6rt\u00e9nik, ezt k\u00f6vet\u0151en janu\u00e1r 20-ig ki\u00e9rtes\u00edt\u00e9sre ker\u00fclnek kedves vend\u00e9geink.<\/li><li>A kedvezm\u00e9ny adott \u00e9v janu\u00e1r 21-t\u0151l december 21-ig ig\u00e9nybe vehet\u0151.<\/li><li>K\u00f6vetkez\u0151 \u00e9vben ism\u00e9t vizsg\u00e1ljuk az elt\u00f6lt\u00f6tt szoba\u00e9jszak\u00e1k sz\u00e1m\u00e1t, \u00e9s ha a fenti felt\u00e9telek nem teljes\u00fclnek, \u00fagy a kedvezm\u00e9nyek visszavon\u00e1sra ker\u00fclhetnek.<\/li><li>A t\u00f6rzsvend\u00e9g kedvezm\u00e9ny m\u00e1s kedvezm\u00e9nyekkel nem \u00f6sszevonhat\u00f3 \u00e9s \u00fcnnepnapokon, kedvezm\u00e9nyes csomagaj\u00e1nlatainkb\u00f3l nem \u00e9rv\u00e9nyes\u00edthet\u0151.<\/li><li>A kedvezm\u00e9ny nem \u00e1truh\u00e1zhat\u00f3, csak a kedvezm\u00e9nyezett veheti ig\u00e9nybe, alkalmank\u00e9nt max. 1 szoba foglal\u00e1s\u00e1ra, n\u00e9v \u00e9s regisztr\u00e1lt e-mail c\u00edm megjel\u00f6l\u00e9s\u00e9vel.<\/li><li>A v\u00e1ltoztat\u00e1s jog\u00e1t fenntartjuk.<\/li><\/ul>\t\t\t\t\t\t\t\t<\/div>\n\t\t\t\t<\/div>\n\t\t\t\t\t<\/div>\n\t\t<\/div>\n\t\t\t\t\t<\/div>\n\t\t<\/section>\n\t\t\t\t<\/div>\n\t\t","protected":false},"excerpt":{"rendered":"<p>THERMAL HOTEL GARDEN T\u00f6rzsvend\u00e9g program Szeretn\u00e9nk megk\u00f6sz\u00f6nni visszat\u00e9r\u0151 vend\u00e9geink bizalm\u00e1t, hogy t\u00f6bbsz\u00f6ri alkalommal sz\u00e1llod\u00e1nkat v\u00e1lasztj\u00e1k. Ennek ok\u00e1n a k\u00f6vetkez\u0151 kedvezm\u00e9nyeket biztos\u00edtjuk: Silver Csomag T\u00f6rzsvend\u00e9g csomagunkba &#8230; <a title=\"Frequent Guest Programme\" class=\"read-more\" href=\"https:\/\/thermalhotelgarden.hu\/en\/torzsvendeg-program\/\" aria-label=\"More on T\u00f6rzsvend\u00e9g Program\">Read more<\/a><\/p>","protected":false},"author":3,"featured_media":0,"parent":0,"menu_order":0,"comment_status":"closed","ping_status":"closed","template":"elementor_theme","meta":{"inline_featured_image":false,"footnotes":""},"class_list":["post-3127","page","type-page","status-publish","hentry"],"aioseo_notices":[],"_links":{"self":[{"href":"https:\/\/thermalhotelgarden.hu\/en\/wp-json\/wp\/v2\/pages\/3127","targetHints":{"allow":["GET"]}}],"collection":[{"href":"https:\/\/thermalhotelgarden.hu\/en\/wp-json\/wp\/v2\/pages"}],"about":[{"href":"https:\/\/thermalhotelgarden.hu\/en\/wp-json\/wp\/v2\/types\/page"}],"author":[{"embeddable":true,"href":"https:\/\/thermalhotelgarden.hu\/en\/wp-json\/wp\/v2\/users\/3"}],"replies":[{"embeddable":true,"href":"https:\/\/thermalhotelgarden.hu\/en\/wp-json\/wp\/v2\/comments?post=3127"}],"version-history":[{"count":62,"href":"https:\/\/thermalhotelgarden.hu\/en\/wp-json\/wp\/v2\/pages\/3127\/revisions"}],"predecessor-version":[{"id":5323,"href":"https:\/\/thermalhotelgarden.hu\/en\/wp-json\/wp\/v2\/pages\/3127\/revisions\/5323"}],"wp:attachment":[{"href":"https:\/\/thermalhotelgarden.hu\/en\/wp-json\/wp\/v2\/media?parent=3127"}],"curies":[{"name":"wp","href":"https:\/\/api.w.org\/{rel}","templated":true}]}}