{"id":477,"date":"2024-04-30T16:46:55","date_gmt":"2024-04-30T16:46:55","guid":{"rendered":"https:\/\/thermalhotelgarden.hu\/?page_id=477"},"modified":"2026-02-16T08:33:14","modified_gmt":"2026-02-16T07:33:14","slug":"kapcsolat","status":"publish","type":"page","link":"https:\/\/thermalhotelgarden.hu\/en\/kapcsolat\/","title":{"rendered":"Contact"},"content":{"rendered":"<div data-elementor-type=\"wp-page\" data-elementor-id=\"477\" class=\"elementor elementor-477\" data-elementor-post-type=\"page\">\n\t\t\t\t\t\t<section class=\"elementor-section elementor-top-section elementor-element elementor-element-5943ba27 elementor-section-stretched elementor-section-boxed elementor-section-height-default elementor-section-height-default\" data-id=\"5943ba27\" data-element_type=\"section\" data-e-type=\"section\" data-settings=\"{&quot;stretch_section&quot;:&quot;section-stretched&quot;}\">\n\t\t\t\t\t\t<div class=\"elementor-container elementor-column-gap-no\">\n\t\t\t\t\t<div class=\"elementor-column elementor-col-50 elementor-top-column elementor-element elementor-element-7ad3c016\" data-id=\"7ad3c016\" data-element_type=\"column\" data-e-type=\"column\">\n\t\t\t<div class=\"elementor-widget-wrap elementor-element-populated\">\n\t\t\t\t\t\t<div class=\"elementor-element elementor-element-4441a52 elementor-widget elementor-widget-image\" data-id=\"4441a52\" data-element_type=\"widget\" data-e-type=\"widget\" data-widget_type=\"image.default\">\n\t\t\t\t<div class=\"elementor-widget-container\">\n\t\t\t\t\t\t\t\t\t\t\t\t\t\t\t<img fetchpriority=\"high\" decoding=\"async\" width=\"300\" height=\"300\" src=\"https:\/\/thermalhotelgarden.hu\/wp-content\/uploads\/2025\/03\/level.svg\" class=\"attachment-medium size-medium wp-image-3621\" alt=\"\" \/>\t\t\t\t\t\t\t\t\t\t\t\t\t\t\t<\/div>\n\t\t\t\t<\/div>\n\t\t\t\t<div class=\"elementor-element elementor-element-be4d642 elementor-widget elementor-widget-heading\" data-id=\"be4d642\" data-element_type=\"widget\" data-e-type=\"widget\" data-widget_type=\"heading.default\">\n\t\t\t\t<div class=\"elementor-widget-container\">\n\t\t\t\t\t<h2 class=\"elementor-heading-title elementor-size-default\">Contact<\/h2>\t\t\t\t<\/div>\n\t\t\t\t<\/div>\n\t\t\t\t<div class=\"elementor-element elementor-element-789625c2 elementor-widget elementor-widget-text-editor\" data-id=\"789625c2\" data-element_type=\"widget\" data-e-type=\"widget\" data-widget_type=\"text-editor.default\">\n\t\t\t\t<div class=\"elementor-widget-container\">\n\t\t\t\t\t\t\t\t\t<p>Foglal\u00e1s, aj\u00e1nlatk\u00e9r\u00e9s, \u00e9rt\u00e9kes\u00edt\u00e9s:<br><a href=\"tel:+36202158112\">+36 20 215 8112<\/a><\/p>\n<p>Email:<br><a href=\"mailto:info@thermalhotelgarden.hu\" data-type=\"mailto\" data-id=\"mailto:info@thermalhotelgarden.hu\">info@thermalhotelgarden.hu<\/a><\/p>\t\t\t\t\t\t\t\t<\/div>\n\t\t\t\t<\/div>\n\t\t\t\t<div class=\"elementor-element elementor-element-64739eac elementor-shape-square e-grid-align-left e-grid-align-tablet-left e-grid-align-mobile-center elementor-grid-0 elementor-widget elementor-widget-social-icons\" data-id=\"64739eac\" data-element_type=\"widget\" data-e-type=\"widget\" data-widget_type=\"social-icons.default\">\n\t\t\t\t<div class=\"elementor-widget-container\">\n\t\t\t\t\t\t\t<div class=\"elementor-social-icons-wrapper elementor-grid\" role=\"list\">\n\t\t\t\t\t\t\t<span class=\"elementor-grid-item\" role=\"listitem\">\n\t\t\t\t\t<a class=\"elementor-icon elementor-social-icon elementor-social-icon-instagram elementor-repeater-item-4f16d7d\" href=\"https:\/\/www.instagram.com\/thermal_hotel_garden\/\" target=\"_blank\">\n\t\t\t\t\t\t<span class=\"elementor-screen-only\">Instagram<\/span>\n\t\t\t\t\t\t<svg aria-hidden=\"true\" class=\"e-font-icon-svg e-fab-instagram\" viewbox=\"0 0 448 512\" xmlns=\"http:\/\/www.w3.org\/2000\/svg\"><path d=\"M224.1 141c-63.6 0-114.9 51.3-114.9 114.9s51.3 114.9 114.9 114.9S339 319.5 339 255.9 287.7 141 224.1 141zm0 189.6c-41.1 0-74.7-33.5-74.7-74.7s33.5-74.7 74.7-74.7 74.7 33.5 74.7 74.7-33.6 74.7-74.7 74.7zm146.4-194.3c0 14.9-12 26.8-26.8 26.8-14.9 0-26.8-12-26.8-26.8s12-26.8 26.8-26.8 26.8 12 26.8 26.8zm76.1 27.2c-1.7-35.9-9.9-67.7-36.2-93.9-26.2-26.2-58-34.4-93.9-36.2-37-2.1-147.9-2.1-184.9 0-35.8 1.7-67.6 9.9-93.9 36.1s-34.4 58-36.2 93.9c-2.1 37-2.1 147.9 0 184.9 1.7 35.9 9.9 67.7 36.2 93.9s58 34.4 93.9 36.2c37 2.1 147.9 2.1 184.9 0 35.9-1.7 67.7-9.9 93.9-36.2 26.2-26.2 34.4-58 36.2-93.9 2.1-37 2.1-147.8 0-184.8zM398.8 388c-7.8 19.6-22.9 34.7-42.6 42.6-29.5 11.7-99.5 9-132.1 9s-102.7 2.6-132.1-9c-19.6-7.8-34.7-22.9-42.6-42.6-11.7-29.5-9-99.5-9-132.1s-2.6-102.7 9-132.1c7.8-19.6 22.9-34.7 42.6-42.6 29.5-11.7 99.5-9 132.1-9s102.7-2.6 132.1 9c19.6 7.8 34.7 22.9 42.6 42.6 11.7 29.5 9 99.5 9 132.1s2.7 102.7-9 132.1z\"><\/path><\/svg>\t\t\t\t\t<\/a>\n\t\t\t\t<\/span>\n\t\t\t\t\t\t\t<span class=\"elementor-grid-item\" role=\"listitem\">\n\t\t\t\t\t<a class=\"elementor-icon elementor-social-icon elementor-social-icon-facebook-f elementor-repeater-item-473a7ab\" href=\"https:\/\/www.facebook.com\/thermalhotelgardensuperior\/?locale=hu_HU\" target=\"_blank\">\n\t\t\t\t\t\t<span class=\"elementor-screen-only\">Facebook-f<\/span>\n\t\t\t\t\t\t<svg aria-hidden=\"true\" class=\"e-font-icon-svg e-fab-facebook-f\" viewbox=\"0 0 320 512\" xmlns=\"http:\/\/www.w3.org\/2000\/svg\"><path d=\"M279.14 288l14.22-92.66h-88.91v-60.13c0-25.35 12.42-50.06 52.24-50.06h40.42V6.26S260.43 0 225.36 0c-73.22 0-121.08 44.38-121.08 124.72v70.62H22.89V288h81.39v224h100.17V288z\"><\/path><\/svg>\t\t\t\t\t<\/a>\n\t\t\t\t<\/span>\n\t\t\t\t\t\t\t<span class=\"elementor-grid-item\" role=\"listitem\">\n\t\t\t\t\t<a class=\"elementor-icon elementor-social-icon elementor-social-icon-youtube elementor-repeater-item-37117d3\" href=\"https:\/\/www.youtube.com\/channel\/UChOVVVln0qP22E1Cq1riwlw\" target=\"_blank\">\n\t\t\t\t\t\t<span class=\"elementor-screen-only\">Youtube<\/span>\n\t\t\t\t\t\t<svg aria-hidden=\"true\" class=\"e-font-icon-svg e-fab-youtube\" viewbox=\"0 0 576 512\" xmlns=\"http:\/\/www.w3.org\/2000\/svg\"><path d=\"M549.655 124.083c-6.281-23.65-24.787-42.276-48.284-48.597C458.781 64 288 64 288 64S117.22 64 74.629 75.486c-23.497 6.322-42.003 24.947-48.284 48.597-11.412 42.867-11.412 132.305-11.412 132.305s0 89.438 11.412 132.305c6.281 23.65 24.787 41.5 48.284 47.821C117.22 448 288 448 288 448s170.78 0 213.371-11.486c23.497-6.321 42.003-24.171 48.284-47.821 11.412-42.867 11.412-132.305 11.412-132.305s0-89.438-11.412-132.305zm-317.51 213.508V175.185l142.739 81.205-142.739 81.201z\"><\/path><\/svg>\t\t\t\t\t<\/a>\n\t\t\t\t<\/span>\n\t\t\t\t\t<\/div>\n\t\t\t\t\t\t<\/div>\n\t\t\t\t<\/div>\n\t\t\t\t<div class=\"elementor-element elementor-element-62254b31 elementor-invisible elementor-widget elementor-widget-image\" data-id=\"62254b31\" data-element_type=\"widget\" data-e-type=\"widget\" data-settings=\"{&quot;_animation&quot;:&quot;opal-move-right&quot;}\" data-widget_type=\"image.default\">\n\t\t\t\t<div class=\"elementor-widget-container\">\n\t\t\t\t\t\t\t\t\t\t\t\t\t\t\t<img decoding=\"async\" width=\"680\" height=\"765\" src=\"https:\/\/thermalhotelgarden.hu\/wp-content\/uploads\/2025\/03\/kontaktkep.webp\" class=\"attachment-full size-full wp-image-4122\" alt=\"\" srcset=\"https:\/\/thermalhotelgarden.hu\/wp-content\/uploads\/2025\/03\/kontaktkep.webp 680w, https:\/\/thermalhotelgarden.hu\/wp-content\/uploads\/2025\/03\/kontaktkep-267x300.webp 267w, https:\/\/thermalhotelgarden.hu\/wp-content\/uploads\/2025\/03\/kontaktkep-11x12.webp 11w\" sizes=\"(max-width: 680px) 100vw, 680px\" \/>\t\t\t\t\t\t\t\t\t\t\t\t\t\t\t<\/div>\n\t\t\t\t<\/div>\n\t\t\t\t\t<\/div>\n\t\t<\/div>\n\t\t\t\t<div class=\"elementor-column elementor-col-50 elementor-top-column elementor-element elementor-element-8d2d067\" data-id=\"8d2d067\" data-element_type=\"column\" data-e-type=\"column\">\n\t\t\t<div class=\"elementor-widget-wrap elementor-element-populated\">\n\t\t\t\t\t\t<div class=\"elementor-element elementor-element-67ccdcd5 elementor-widget elementor-widget-heading\" data-id=\"67ccdcd5\" data-element_type=\"widget\" data-e-type=\"widget\" data-widget_type=\"heading.default\">\n\t\t\t\t<div class=\"elementor-widget-container\">\n\t\t\t\t\t<h3 class=\"elementor-heading-title elementor-size-default\">Route planner<\/h3>\t\t\t\t<\/div>\n\t\t\t\t<\/div>\n\t\t\t\t<div class=\"elementor-element elementor-element-65df8d37 elementor-widget elementor-widget-google_maps\" data-id=\"65df8d37\" data-element_type=\"widget\" data-e-type=\"widget\" data-widget_type=\"google_maps.default\">\n\t\t\t\t<div class=\"elementor-widget-container\">\n\t\t\t\t\t\t\t<div class=\"elementor-custom-embed\">\n\t\t\t<iframe loading=\"lazy\"\n\t\t\t\t\tsrc=\"https:\/\/maps.google.com\/maps?q=Hajd%C3%BAszoboszl%C3%B3%2C%20Debreceni%20%C3%BAt%206%2C%204200%20Magyarorsz%C3%A1g%2C%20Thermal%20Hotel%20Garden&#038;t=m&#038;z=16&#038;output=embed&#038;iwloc=near\"\n\t\t\t\t\ttitle=\"Hajd\u00faszoboszl\u00f3, Debreceni \u00fat 6, 4200 Hungary, Thermal Hotel Garden\"\n\t\t\t\t\taria-label=\"Hajd\u00faszoboszl\u00f3, Debreceni \u00fat 6, 4200 Hungary, Thermal Hotel Garden\"\n\t\t\t><\/iframe>\n\t\t<\/div>\n\t\t\t\t\t\t<\/div>\n\t\t\t\t<\/div>\n\t\t\t\t<div class=\"elementor-element elementor-element-8f9a91f elementor-widget-mobile__width-initial wazegoogleapple elementor-widget elementor-widget-seasona-image-carousel\" data-id=\"8f9a91f\" data-element_type=\"widget\" data-e-type=\"widget\" data-widget_type=\"seasona-image-carousel.default\">\n\t\t\t\t<div class=\"elementor-widget-container\">\n\t\t\t\t\t            <div class=\"elementor-image-carousel-item-wrapper layout-2\">\n\n                <div class=\"row\" data-elementor-columns=\"3\" data-elementor-columns-tablet=\"3\" data-elementor-columns-mobile=\"1\">\n                                            <div class=\"column-item elementor-image-carousel-item\">\n                                                                                        <div class=\"inner\">\n                                                <div class=\"image\">\n                <img decoding=\"async\" width=\"1200\" height=\"230\" src=\"https:\/\/thermalhotelgarden.hu\/wp-content\/uploads\/2025\/03\/mapslogo02.webp\" class=\"attachment-full size-full wp-image-4125\" alt=\"\" srcset=\"https:\/\/thermalhotelgarden.hu\/wp-content\/uploads\/2025\/03\/mapslogo02.webp 1200w, https:\/\/thermalhotelgarden.hu\/wp-content\/uploads\/2025\/03\/mapslogo02-300x58.webp 300w, https:\/\/thermalhotelgarden.hu\/wp-content\/uploads\/2025\/03\/mapslogo02-1024x196.webp 1024w, https:\/\/thermalhotelgarden.hu\/wp-content\/uploads\/2025\/03\/mapslogo02-768x147.webp 768w, https:\/\/thermalhotelgarden.hu\/wp-content\/uploads\/2025\/03\/mapslogo02-18x3.webp 18w\" sizes=\"(max-width: 1200px) 100vw, 1200px\" \/>            <\/div>\n                                            <div class=\"content\">\n                                                                                <div class=\"hover\">\n                                                                                                                                                                            <\/div>\n                                    <\/div>\n                                <\/div>\n                            \n                        <\/div>\n                                            <div class=\"column-item elementor-image-carousel-item\">\n                                                                                        <div class=\"inner\">\n                                                <div class=\"image\">\n                <img loading=\"lazy\" decoding=\"async\" width=\"1200\" height=\"230\" src=\"https:\/\/thermalhotelgarden.hu\/wp-content\/uploads\/2025\/03\/mapslogo034.webp\" class=\"attachment-full size-full wp-image-4124\" alt=\"\" srcset=\"https:\/\/thermalhotelgarden.hu\/wp-content\/uploads\/2025\/03\/mapslogo034.webp 1200w, https:\/\/thermalhotelgarden.hu\/wp-content\/uploads\/2025\/03\/mapslogo034-300x58.webp 300w, https:\/\/thermalhotelgarden.hu\/wp-content\/uploads\/2025\/03\/mapslogo034-1024x196.webp 1024w, https:\/\/thermalhotelgarden.hu\/wp-content\/uploads\/2025\/03\/mapslogo034-768x147.webp 768w, https:\/\/thermalhotelgarden.hu\/wp-content\/uploads\/2025\/03\/mapslogo034-18x3.webp 18w\" sizes=\"(max-width: 1200px) 100vw, 1200px\" \/>            <\/div>\n                                            <div class=\"content\">\n                                                                                <div class=\"hover\">\n                                                                                                                                                                            <\/div>\n                                    <\/div>\n                                <\/div>\n                            \n                        <\/div>\n                                            <div class=\"column-item elementor-image-carousel-item\">\n                                                                                        <div class=\"inner\">\n                                                <div class=\"image\">\n                <img loading=\"lazy\" decoding=\"async\" width=\"1200\" height=\"230\" src=\"https:\/\/thermalhotelgarden.hu\/wp-content\/uploads\/2025\/03\/mapslogo03.webp\" class=\"attachment-full size-full wp-image-4123\" alt=\"\" srcset=\"https:\/\/thermalhotelgarden.hu\/wp-content\/uploads\/2025\/03\/mapslogo03.webp 1200w, https:\/\/thermalhotelgarden.hu\/wp-content\/uploads\/2025\/03\/mapslogo03-300x58.webp 300w, https:\/\/thermalhotelgarden.hu\/wp-content\/uploads\/2025\/03\/mapslogo03-1024x196.webp 1024w, https:\/\/thermalhotelgarden.hu\/wp-content\/uploads\/2025\/03\/mapslogo03-768x147.webp 768w, https:\/\/thermalhotelgarden.hu\/wp-content\/uploads\/2025\/03\/mapslogo03-18x3.webp 18w\" sizes=\"(max-width: 1200px) 100vw, 1200px\" \/>            <\/div>\n                                            <div class=\"content\">\n                                                                                <div class=\"hover\">\n                                                                                                                                                                            <\/div>\n                                    <\/div>\n                                <\/div>\n                            \n                        <\/div>\n                                    <\/div>\n            <\/div>\n            \t\t\t\t<\/div>\n\t\t\t\t<\/div>\n\t\t\t\t\t<\/div>\n\t\t<\/div>\n\t\t\t\t\t<\/div>\n\t\t<\/section>\n\t\t\t\t<\/div>","protected":false},"excerpt":{"rendered":"<p>Kapcsolat Foglal\u00e1s, aj\u00e1nlatk\u00e9r\u00e9s, \u00e9rt\u00e9kes\u00edt\u00e9s:+36 20 215 8112 Email:info@thermalhotelgarden.hu Instagram Facebook-f Youtube \u00datvonaltervez\u0151<\/p>","protected":false},"author":3,"featured_media":0,"parent":0,"menu_order":0,"comment_status":"closed","ping_status":"closed","template":"elementor_theme","meta":{"inline_featured_image":false,"footnotes":""},"class_list":["post-477","page","type-page","status-publish","hentry"],"aioseo_notices":[],"_links":{"self":[{"href":"https:\/\/thermalhotelgarden.hu\/en\/wp-json\/wp\/v2\/pages\/477","targetHints":{"allow":["GET"]}}],"collection":[{"href":"https:\/\/thermalhotelgarden.hu\/en\/wp-json\/wp\/v2\/pages"}],"about":[{"href":"https:\/\/thermalhotelgarden.hu\/en\/wp-json\/wp\/v2\/types\/page"}],"author":[{"embeddable":true,"href":"https:\/\/thermalhotelgarden.hu\/en\/wp-json\/wp\/v2\/users\/3"}],"replies":[{"embeddable":true,"href":"https:\/\/thermalhotelgarden.hu\/en\/wp-json\/wp\/v2\/comments?post=477"}],"version-history":[{"count":130,"href":"https:\/\/thermalhotelgarden.hu\/en\/wp-json\/wp\/v2\/pages\/477\/revisions"}],"predecessor-version":[{"id":5392,"href":"https:\/\/thermalhotelgarden.hu\/en\/wp-json\/wp\/v2\/pages\/477\/revisions\/5392"}],"wp:attachment":[{"href":"https:\/\/thermalhotelgarden.hu\/en\/wp-json\/wp\/v2\/media?parent=477"}],"curies":[{"name":"wp","href":"https:\/\/api.w.org\/{rel}","templated":true}]}}