{"id":1087,"date":"2024-05-04T17:18:42","date_gmt":"2024-05-04T17:18:42","guid":{"rendered":"https:\/\/thermalhotelgarden.hu\/?page_id=1087"},"modified":"2024-05-04T17:28:34","modified_gmt":"2024-05-04T17:28:34","slug":"szechenyi-2020","status":"publish","type":"page","link":"https:\/\/thermalhotelgarden.hu\/pl\/szechenyi-2020\/","title":{"rendered":"Szechenyi 2020"},"content":{"rendered":"<div class=\"gb-container gb-container-08574448\">\n\n<h2 class=\"wp-block-heading\">1. nieoprocentowany program szybkich po\u017cyczek na ponowne uruchomienie<\/h2>\n\n\n\n<p>Nieoprocentowany program szybkich po\u017cyczek Restart<\/p>\n\n\n\n<p>Nazwa beneficjenta: Pintakol Kft.<\/p>\n\n\n\n<p>Tytu\u0142 projektu: Program nieoprocentowanych szybkich po\u017cyczek na ponowny rozruch<\/p>\n\n\n\n<p>Kr\u00f3tki opis zawarto\u015bci projektu: Unia Europejska i pa\u0144stwo w\u0119gierskie udzieli\u0142y Pintakol Ltd. nieoprocentowanej szybkiej po\u017cyczki, aby pom\u00f3c firmie w ponownym rozpocz\u0119ciu dzia\u0142alno\u015bci po pandemii Covid-19. W ramach instrumentu po\u017cyczkowego udzielono po\u017cyczki sp\u00f3\u0142ce Pintakol Ltd. na sfinansowanie kapita\u0142u obrotowego.<\/p>\n\n\n\n<p>Finansowanie jest cz\u0119\u015bci\u0105 odpowiedzi UE na pandemi\u0119 Covid-19.<\/p>\n\n\n\n<p>Zakontraktowana kwota pomocy: 10 000 000 HUF<\/p>\n\n\n\n<p>Identyfikator wywo\u0142ania: GINOP-9.1.1-21<\/p>\n\n\n\n<p>Data zako\u0144czenia projektu: 25.01.2032.<\/p>\n\n\n\n<div style=\"height:20px\" aria-hidden=\"true\" class=\"wp-block-spacer\"><\/div>\n\n\n\n\n\n<div style=\"height:20px\" aria-hidden=\"true\" class=\"wp-block-spacer\"><\/div>\n\n\n\n<h2 class=\"wp-block-heading\">2. nieoprocentowany program szybkich po\u017cyczek na ponowny rozruch<\/h2>\n\n\n\n<p>Nieoprocentowany program szybkich po\u017cyczek Restart<\/p>\n\n\n\n<p>Nazwa beneficjenta: Pintakol Kft.<\/p>\n\n\n\n<p>Tytu\u0142 projektu: Program nieoprocentowanych szybkich po\u017cyczek na ponowny rozruch<\/p>\n\n\n\n<p>Kr\u00f3tki opis zawarto\u015bci projektu: Unia Europejska i pa\u0144stwo w\u0119gierskie udzieli\u0142y Pintakol Ltd. nieoprocentowanej szybkiej po\u017cyczki, aby pom\u00f3c firmie w ponownym rozpocz\u0119ciu dzia\u0142alno\u015bci po pandemii Covid-19. W ramach instrumentu po\u017cyczkowego udzielono po\u017cyczki sp\u00f3\u0142ce Pintakol Ltd. na sfinansowanie kapita\u0142u obrotowego.<\/p>\n\n\n\n<p>Finansowanie jest cz\u0119\u015bci\u0105 odpowiedzi UE na pandemi\u0119 Covid-19.<\/p>\n\n\n\n<p>Zakontraktowana kwota pomocy: 10 000 000 HUF<\/p>\n\n\n\n<p>Identyfikator wywo\u0142ania: GINOP-9.1.1-21<\/p>\n\n\n\n<p>Data zako\u0144czenia projektu: 25.01.2032.<\/p>\n\n\n\n<div style=\"height:20px\" aria-hidden=\"true\" class=\"wp-block-spacer\"><\/div>\n\n\n\n\n\n<div style=\"height:20px\" aria-hidden=\"true\" class=\"wp-block-spacer\"><\/div>\n\n\n\n<h2 class=\"wp-block-heading\">3) Program kredyt\u00f3w na modernizacj\u0119 technologii dla mikro-, ma\u0142ych i \u015brednich przedsi\u0119biorstw - GINOP-8.3.5-18\/B<\/h2>\n\n\n\n<p>Pomoc w formie dotacji:<\/p>\n\n\n\n<p>Nazwa beneficjenta: Pintakol Kft.<br>Tytu\u0142 projektu: Program po\u017cyczek na modernizacj\u0119 technologii dla mikro, ma\u0142ych i \u015brednich przedsi\u0119biorstw<br>Numer identyfikacyjny projektu: GINOP-8.3.5-18\/B<br>Kwota po\u017cyczki do zwrotu: 22 000 000 HUF<\/p>\n\n\n\n<p>Prezentacja zawarto\u015bci finansowania aktyw\u00f3w obrotowych:<\/p>\n\n\n\n<p>Celem programu po\u017cyczkowego jest wspieranie modernizacji technologicznej mikro, ma\u0142ych i \u015brednich przedsi\u0119biorstw oraz tworzenie i rozszerzanie ich zdolno\u015bci do opracowywania nowoczesnych produkt\u00f3w i us\u0142ug, ze szczeg\u00f3lnym celem rozwoju mikro, ma\u0142ych i \u015brednich przedsi\u0119biorstw, kt\u00f3re nie maj\u0105 dost\u0119pu do finansowania lub maj\u0105 niewystarczaj\u0105cy dost\u0119p do finansowania, poprzez popraw\u0119 ich dost\u0119pu do finansowania zewn\u0119trznego. Wspierana inwestycja musi skutkowa\u0107 popraw\u0105, kt\u00f3ra zwi\u0119ksza ich gotowo\u015b\u0107 technologiczn\u0105. Celem instrumentu po\u017cyczkowego jest wspieranie inwestycji mikro, ma\u0142ych i \u015brednich przedsi\u0119biorstw, kt\u00f3re s\u0105 rentowne i generuj\u0105 doch\u00f3d.<\/p>\n\n<\/div>","protected":false},"excerpt":{"rendered":"<p>1. Kamatmentes \u00dajraind\u00edt\u00e1si Gyorsk\u00f6lcs\u00f6n Hitelprogram Kamatmentes \u00dajraind\u00edt\u00e1si Gyorsk\u00f6lcs\u00f6n Hitelprogram Kedvezm\u00e9nyezett neve: Pintakol Kft. Projekt c\u00edme: Kamatmentes \u00dajraind\u00edt\u00e1si Gyorsk\u00f6lcs\u00f6n Hitelprogram Projekt tartalm\u00e1nak r\u00f6vid bemutat\u00e1sa: Az Eur\u00f3pai &#8230; <a title=\"Szechenyi 2020\" class=\"read-more\" href=\"https:\/\/thermalhotelgarden.hu\/pl\/szechenyi-2020\/\" aria-label=\"More on Szechenyi 2020\">Czytaj dalej<\/a><\/p>","protected":false},"author":3,"featured_media":0,"parent":0,"menu_order":0,"comment_status":"closed","ping_status":"open","template":"","meta":{"inline_featured_image":false,"footnotes":""},"class_list":["post-1087","page","type-page","status-publish","hentry"],"aioseo_notices":[],"_links":{"self":[{"href":"https:\/\/thermalhotelgarden.hu\/pl\/wp-json\/wp\/v2\/pages\/1087","targetHints":{"allow":["GET"]}}],"collection":[{"href":"https:\/\/thermalhotelgarden.hu\/pl\/wp-json\/wp\/v2\/pages"}],"about":[{"href":"https:\/\/thermalhotelgarden.hu\/pl\/wp-json\/wp\/v2\/types\/page"}],"author":[{"embeddable":true,"href":"https:\/\/thermalhotelgarden.hu\/pl\/wp-json\/wp\/v2\/users\/3"}],"replies":[{"embeddable":true,"href":"https:\/\/thermalhotelgarden.hu\/pl\/wp-json\/wp\/v2\/comments?post=1087"}],"version-history":[{"count":0,"href":"https:\/\/thermalhotelgarden.hu\/pl\/wp-json\/wp\/v2\/pages\/1087\/revisions"}],"wp:attachment":[{"href":"https:\/\/thermalhotelgarden.hu\/pl\/wp-json\/wp\/v2\/media?parent=1087"}],"curies":[{"name":"wp","href":"https:\/\/api.w.org\/{rel}","templated":true}]}}