{"id":161,"date":"2024-04-30T10:18:22","date_gmt":"2024-04-30T10:18:22","guid":{"rendered":"https:\/\/thermalhotelgarden.hu\/?page_id=161"},"modified":"2025-03-19T13:08:18","modified_gmt":"2025-03-19T12:08:18","slug":"bemutatkozunk","status":"publish","type":"page","link":"https:\/\/thermalhotelgarden.hu\/pl\/bemutatkozunk\/","title":{"rendered":"Wprowadzenie"},"content":{"rendered":"<div data-elementor-type=\"wp-page\" data-elementor-id=\"161\" class=\"elementor elementor-161\" data-elementor-post-type=\"page\">\n\t\t\t\t\t\t<section class=\"elementor-section elementor-top-section elementor-element elementor-element-34e5b7ea elementor-section-boxed elementor-section-height-default elementor-section-height-default\" data-id=\"34e5b7ea\" data-element_type=\"section\" data-e-type=\"section\">\n\t\t\t\t\t\t<div class=\"elementor-container elementor-column-gap-wider\">\n\t\t\t\t\t<div class=\"elementor-column elementor-col-50 elementor-top-column elementor-element elementor-element-3e9873f7\" data-id=\"3e9873f7\" data-element_type=\"column\" data-e-type=\"column\">\n\t\t\t<div class=\"elementor-widget-wrap elementor-element-populated\">\n\t\t\t\t\t\t<div class=\"elementor-element elementor-element-47f81a9b elementor-widget elementor-widget-image\" data-id=\"47f81a9b\" data-element_type=\"widget\" data-e-type=\"widget\" data-widget_type=\"image.default\">\n\t\t\t\t<div class=\"elementor-widget-container\">\n\t\t\t\t\t\t\t\t\t\t\t\t\t\t\t<img fetchpriority=\"high\" decoding=\"async\" width=\"980\" height=\"980\" src=\"https:\/\/thermalhotelgarden.hu\/wp-content\/uploads\/2025\/03\/level.svg\" class=\"attachment-large size-large wp-image-3621\" alt=\"\" \/>\t\t\t\t\t\t\t\t\t\t\t\t\t\t\t<\/div>\n\t\t\t\t<\/div>\n\t\t\t\t<div class=\"elementor-element elementor-element-396ddeaa elementor-widget elementor-widget-heading\" data-id=\"396ddeaa\" data-element_type=\"widget\" data-e-type=\"widget\" data-widget_type=\"heading.default\">\n\t\t\t\t<div class=\"elementor-widget-container\">\n\t\t\t\t\t<h5 class=\"elementor-heading-title elementor-size-default\">HOTEL TERMALNY OGR\u00d3D<\/h5>\t\t\t\t<\/div>\n\t\t\t\t<\/div>\n\t\t\t\t<div class=\"elementor-element elementor-element-758090fa elementor-widget__width-initial elementor-widget elementor-widget-heading\" data-id=\"758090fa\" data-element_type=\"widget\" data-e-type=\"widget\" data-widget_type=\"heading.default\">\n\t\t\t\t<div class=\"elementor-widget-container\">\n\t\t\t\t\t<h2 class=\"elementor-heading-title elementor-size-default\">Wprowadzenie<\/h2>\t\t\t\t<\/div>\n\t\t\t\t<\/div>\n\t\t\t\t<div class=\"elementor-element elementor-element-4a8f8aa1 elementor-widget elementor-widget-image\" data-id=\"4a8f8aa1\" data-element_type=\"widget\" data-e-type=\"widget\" data-widget_type=\"image.default\">\n\t\t\t\t<div class=\"elementor-widget-container\">\n\t\t\t\t\t\t\t\t\t\t\t\t\t\t\t<img decoding=\"async\" width=\"930\" height=\"1151\" src=\"https:\/\/thermalhotelgarden.hu\/wp-content\/uploads\/2025\/03\/bemutatkozunk.webp\" class=\"attachment-full size-full wp-image-3840\" alt=\"\" srcset=\"https:\/\/thermalhotelgarden.hu\/wp-content\/uploads\/2025\/03\/bemutatkozunk.webp 930w, https:\/\/thermalhotelgarden.hu\/wp-content\/uploads\/2025\/03\/bemutatkozunk-242x300.webp 242w, https:\/\/thermalhotelgarden.hu\/wp-content\/uploads\/2025\/03\/bemutatkozunk-827x1024.webp 827w, https:\/\/thermalhotelgarden.hu\/wp-content\/uploads\/2025\/03\/bemutatkozunk-768x951.webp 768w, https:\/\/thermalhotelgarden.hu\/wp-content\/uploads\/2025\/03\/bemutatkozunk-10x12.webp 10w\" sizes=\"(max-width: 930px) 100vw, 930px\" \/>\t\t\t\t\t\t\t\t\t\t\t\t\t\t\t<\/div>\n\t\t\t\t<\/div>\n\t\t\t\t\t<\/div>\n\t\t<\/div>\n\t\t\t\t<div class=\"elementor-column elementor-col-50 elementor-top-column elementor-element elementor-element-5481fdf2\" data-id=\"5481fdf2\" data-element_type=\"column\" data-e-type=\"column\">\n\t\t\t<div class=\"elementor-widget-wrap elementor-element-populated\">\n\t\t\t\t\t\t<section class=\"elementor-section elementor-inner-section elementor-element elementor-element-5c90e6b0 elementor-section-boxed elementor-section-height-default elementor-section-height-default\" data-id=\"5c90e6b0\" data-element_type=\"section\" data-e-type=\"section\">\n\t\t\t\t\t\t<div class=\"elementor-container elementor-column-gap-no\">\n\t\t\t\t\t<div class=\"elementor-column elementor-col-100 elementor-inner-column elementor-element elementor-element-5ee62a35\" data-id=\"5ee62a35\" data-element_type=\"column\" data-e-type=\"column\">\n\t\t\t<div class=\"elementor-widget-wrap elementor-element-populated\">\n\t\t\t\t\t\t<div class=\"elementor-element elementor-element-26dc88ca elementor-widget__width-initial elementor-widget elementor-widget-text-editor\" data-id=\"26dc88ca\" data-element_type=\"widget\" data-e-type=\"widget\" data-widget_type=\"text-editor.default\">\n\t\t\t\t<div class=\"elementor-widget-container\">\n\t\t\t\t\t\t\t\t\t<p>Nasz \"ma\u0142y\", rodzinny hotel po\u0142o\u017cony jest w samym sercu Hajd\u00faszoboszl\u00f3, na terenie kurortu, zaledwie 5 minut spacerem od kompleksu spa Hungarospa.<\/p>\t\t\t\t\t\t\t\t<\/div>\n\t\t\t\t<\/div>\n\t\t\t\t\t<\/div>\n\t\t<\/div>\n\t\t\t\t\t<\/div>\n\t\t<\/section>\n\t\t\t\t<div class=\"elementor-element elementor-element-3b1718db elementor-widget elementor-widget-text-editor\" data-id=\"3b1718db\" data-element_type=\"widget\" data-e-type=\"widget\" data-widget_type=\"text-editor.default\">\n\t\t\t\t<div class=\"elementor-widget-container\">\n\t\t\t\t\t\t\t\t\t<p><strong>Co sprawia, \u017ce nasz hotel jest wyj\u0105tkowy -<\/strong> od kt\u00f3rego pochodzi jego nazwa - pas zieleni o powierzchni prawie 1 hektara, b\u0119d\u0105cy domem dla r\u00f3\u017cnorodnych ro\u015blin, ptak\u00f3w i wiewi\u00f3rek. Zaczynaj\u0105c od wielkich plan\u00f3w, w 2018 roku rozpocz\u0119li\u015bmy renowacj\u0119 i transformacj\u0119 hotelu, kt\u00f3rej wi\u0119ksza cz\u0119\u015b\u0107 zosta\u0142a pomy\u015blnie zako\u0144czona do 2022 roku.<\/p><p><strong>Naszym serdecznym \u017cyczeniem jest, aby nasi go\u015bcie<\/strong> aby poczuli si\u0119 jak w domu, wi\u0119c zrobimy wszystko, co w naszej mocy, aby zapewni\u0107 im relaksuj\u0105ce wakacje. Zar\u00f3wno m\u00f3j m\u0105\u017c, jak i ja dorastali\u015bmy w bran\u017cy hotelarskiej, wi\u0119c kiedy zacz\u0119li\u015bmy prowadzi\u0107 hotel, wiedzieli\u015bmy, \u017ce b\u0119dziemy traktowa\u0107 go jak nasze w\u0142asne \"dziecko\" i zapewnimy naszym go\u015bciom maksymalne wra\u017cenia.<\/p><p><strong>Wiele pozytywnych opinii<\/strong> i sta\u0142ym bywalcom, kt\u00f3rzy pomogli nam w dalszym urzeczywistnianiu naszych marze\u0144. Jak nikt, nie jeste\u015bmy doskonali, ale wierzymy, \u017ce pozytywne opinie s\u0105 wzmacniaj\u0105ce, a negatywna krytyka jest do\u015bwiadczeniem i nowym bod\u017acem.<\/p>\t\t\t\t\t\t\t\t<\/div>\n\t\t\t\t<\/div>\n\t\t\t\t\t<\/div>\n\t\t<\/div>\n\t\t\t\t\t<\/div>\n\t\t<\/section>\n\t\t\t\t<section class=\"elementor-section elementor-top-section elementor-element elementor-element-f67d65d elementor-section-stretched elementor-section-full_width elementor-section-height-default elementor-section-height-default\" data-id=\"f67d65d\" data-element_type=\"section\" data-e-type=\"section\" data-settings=\"{&quot;stretch_section&quot;:&quot;section-stretched&quot;}\">\n\t\t\t\t\t\t<div class=\"elementor-container elementor-column-gap-no\">\n\t\t\t\t\t<div class=\"elementor-column elementor-col-100 elementor-top-column elementor-element elementor-element-6f8bd89a\" data-id=\"6f8bd89a\" data-element_type=\"column\" data-e-type=\"column\" data-settings=\"{&quot;background_background&quot;:&quot;classic&quot;}\">\n\t\t\t<div class=\"elementor-widget-wrap elementor-element-populated\">\n\t\t\t\t\t\t<div class=\"elementor-element elementor-element-7c870685 elementor-widget elementor-widget-image\" data-id=\"7c870685\" data-element_type=\"widget\" data-e-type=\"widget\" data-widget_type=\"image.default\">\n\t\t\t\t<div class=\"elementor-widget-container\">\n\t\t\t\t\t\t\t\t\t\t\t\t\t\t\t<img fetchpriority=\"high\" decoding=\"async\" width=\"980\" height=\"980\" src=\"https:\/\/thermalhotelgarden.hu\/wp-content\/uploads\/2025\/03\/level.svg\" class=\"attachment-large size-large wp-image-3621\" alt=\"\" \/>\t\t\t\t\t\t\t\t\t\t\t\t\t\t\t<\/div>\n\t\t\t\t<\/div>\n\t\t\t\t<div class=\"elementor-element elementor-element-724a856a elementor-widget__width-initial elementor-widget elementor-widget-text-editor\" data-id=\"724a856a\" data-element_type=\"widget\" data-e-type=\"widget\" data-widget_type=\"text-editor.default\">\n\t\t\t\t<div class=\"elementor-widget-container\">\n\t\t\t\t\t\t\t\t\t<p>A <strong>Thermal Hotel Garden<\/strong> oferuje \u0142\u0105cznie 80 pokoi typu Standard i 4 pokoje typu Superior. Udogodnienia obejmuj\u0105 odkryty basen z 8 zabawnymi elementami, kryty basen spa, odkryte jacuzzi, saun\u0119, sal\u0119 fitness, gabinet masa\u017cu, pok\u00f3j gier, pok\u00f3j x-box lub odkryte obiekty sportowe. Hotel po\u0142o\u017cony jest 1 ulic\u0119 od s\u0142ynnej promenady Kr\u00f3la Macieja, bar\u00f3w, sklep\u00f3w, restauracji i lokali rozrywkowych. Latem Hajd\u00faszoboszl\u00f3 oferuje szeroki wyb\u00f3r zaj\u0119\u0107 i rekreacji dla odwiedzaj\u0105cych, kt\u00f3rych nie mo\u017cna przegapi\u0107.<\/p>\t\t\t\t\t\t\t\t<\/div>\n\t\t\t\t<\/div>\n\t\t\t\t<div class=\"elementor-element elementor-element-43b6fbaf elementor-widget elementor-widget-video\" data-id=\"43b6fbaf\" data-element_type=\"widget\" data-e-type=\"widget\" data-settings=\"{&quot;youtube_url&quot;:&quot;https:\\\/\\\/www.youtube.com\\\/watch?v=Mf0oZrLGZik&amp;ab_channel=ThermalHotelGarden&quot;,&quot;video_type&quot;:&quot;youtube&quot;,&quot;controls&quot;:&quot;yes&quot;}\" data-widget_type=\"video.default\">\n\t\t\t\t<div class=\"elementor-widget-container\">\n\t\t\t\t\t\t\t<div class=\"elementor-wrapper elementor-open-inline\">\n\t\t\t<div class=\"elementor-video\"><\/div>\t\t<\/div>\n\t\t\t\t\t\t<\/div>\n\t\t\t\t<\/div>\n\t\t\t\t\t<\/div>\n\t\t<\/div>\n\t\t\t\t\t<\/div>\n\t\t<\/section>\n\t\t\t\t<\/div>","protected":false},"excerpt":{"rendered":"<p>THERMAL HOTEL GARDEN O nas Nasz \"ma\u0142y\", rodzinny hotel po\u0142o\u017cony jest w samym sercu Hajd\u00faszoboszl\u00f3, na terenie kurortu, zaledwie 5 minut spacerem od kompleksu spa Hungarospa. Szczeg\u00f3ln\u0105 cech\u0105 naszego hotelu - kt\u00f3ry ... <a title=\"Wprowadzenie\" class=\"read-more\" href=\"https:\/\/thermalhotelgarden.hu\/pl\/bemutatkozunk\/\" aria-label=\"Wi\u0119cej na temat przedstawiania si\u0119\">Czytaj dalej<\/a><\/p>","protected":false},"author":3,"featured_media":0,"parent":0,"menu_order":0,"comment_status":"closed","ping_status":"closed","template":"","meta":{"inline_featured_image":false,"footnotes":""},"class_list":["post-161","page","type-page","status-publish","hentry"],"aioseo_notices":[],"_links":{"self":[{"href":"https:\/\/thermalhotelgarden.hu\/pl\/wp-json\/wp\/v2\/pages\/161","targetHints":{"allow":["GET"]}}],"collection":[{"href":"https:\/\/thermalhotelgarden.hu\/pl\/wp-json\/wp\/v2\/pages"}],"about":[{"href":"https:\/\/thermalhotelgarden.hu\/pl\/wp-json\/wp\/v2\/types\/page"}],"author":[{"embeddable":true,"href":"https:\/\/thermalhotelgarden.hu\/pl\/wp-json\/wp\/v2\/users\/3"}],"replies":[{"embeddable":true,"href":"https:\/\/thermalhotelgarden.hu\/pl\/wp-json\/wp\/v2\/comments?post=161"}],"version-history":[{"count":45,"href":"https:\/\/thermalhotelgarden.hu\/pl\/wp-json\/wp\/v2\/pages\/161\/revisions"}],"predecessor-version":[{"id":4388,"href":"https:\/\/thermalhotelgarden.hu\/pl\/wp-json\/wp\/v2\/pages\/161\/revisions\/4388"}],"wp:attachment":[{"href":"https:\/\/thermalhotelgarden.hu\/pl\/wp-json\/wp\/v2\/media?parent=161"}],"curies":[{"name":"wp","href":"https:\/\/api.w.org\/{rel}","templated":true}]}}