{"id":1646,"date":"2024-06-03T09:52:18","date_gmt":"2024-06-03T07:52:18","guid":{"rendered":"https:\/\/thermalhotelgarden.hu\/?page_id=1646"},"modified":"2025-09-26T08:51:43","modified_gmt":"2025-09-26T06:51:43","slug":"konferencia","status":"publish","type":"page","link":"https:\/\/thermalhotelgarden.hu\/pl\/konferencia\/","title":{"rendered":"Konferencja"},"content":{"rendered":"\t\t<div data-elementor-type=\"wp-page\" data-elementor-id=\"1646\" class=\"elementor elementor-1646\" data-elementor-post-type=\"page\">\n\t\t\t\t\t\t<section class=\"elementor-section elementor-top-section elementor-element elementor-element-2893d130 elementor-section-stretched elementor-section-full_width elementor-section-height-default elementor-section-height-default\" data-id=\"2893d130\" data-element_type=\"section\" data-e-type=\"section\" data-settings=\"{&quot;stretch_section&quot;:&quot;section-stretched&quot;,&quot;background_background&quot;:&quot;classic&quot;,&quot;background_motion_fx_motion_fx_scrolling&quot;:&quot;yes&quot;,&quot;background_motion_fx_translateY_effect&quot;:&quot;yes&quot;,&quot;background_motion_fx_translateY_speed&quot;:{&quot;unit&quot;:&quot;px&quot;,&quot;size&quot;:4,&quot;sizes&quot;:[]},&quot;background_motion_fx_translateY_affectedRange&quot;:{&quot;unit&quot;:&quot;%&quot;,&quot;size&quot;:&quot;&quot;,&quot;sizes&quot;:{&quot;start&quot;:0,&quot;end&quot;:100}},&quot;background_motion_fx_devices&quot;:[&quot;desktop&quot;,&quot;tablet&quot;,&quot;mobile&quot;]}\">\n\t\t\t\t\t\t<div class=\"elementor-container elementor-column-gap-no\">\n\t\t\t\t\t<div class=\"elementor-column elementor-col-100 elementor-top-column elementor-element elementor-element-5fec1b0e\" data-id=\"5fec1b0e\" data-element_type=\"column\" data-e-type=\"column\" data-settings=\"{&quot;background_background&quot;:&quot;classic&quot;,&quot;background_motion_fx_motion_fx_scrolling&quot;:&quot;yes&quot;,&quot;background_motion_fx_translateY_effect&quot;:&quot;yes&quot;,&quot;background_motion_fx_translateY_speed&quot;:{&quot;unit&quot;:&quot;px&quot;,&quot;size&quot;:4,&quot;sizes&quot;:[]},&quot;background_motion_fx_translateY_affectedRange&quot;:{&quot;unit&quot;:&quot;%&quot;,&quot;size&quot;:&quot;&quot;,&quot;sizes&quot;:{&quot;start&quot;:0,&quot;end&quot;:100}},&quot;background_motion_fx_devices&quot;:[&quot;desktop&quot;,&quot;tablet&quot;,&quot;mobile&quot;]}\">\n\t\t\t<div class=\"elementor-widget-wrap elementor-element-populated\">\n\t\t\t\t\t<div class=\"elementor-background-overlay\"><\/div>\n\t\t\t\t\t\t<div class=\"elementor-element elementor-element-17230fb7 elementor-widget elementor-widget-image\" data-id=\"17230fb7\" data-element_type=\"widget\" data-e-type=\"widget\" data-widget_type=\"image.default\">\n\t\t\t\t<div class=\"elementor-widget-container\">\n\t\t\t\t\t\t\t\t\t\t\t\t\t\t\t<img fetchpriority=\"high\" decoding=\"async\" width=\"980\" height=\"980\" src=\"https:\/\/thermalhotelgarden.hu\/wp-content\/uploads\/2025\/03\/level.svg\" class=\"attachment-large size-large wp-image-3621\" alt=\"\" \/>\t\t\t\t\t\t\t\t\t\t\t\t\t\t\t<\/div>\n\t\t\t\t<\/div>\n\t\t\t\t<div class=\"elementor-element elementor-element-154ee62 elementor-widget elementor-widget-heading\" data-id=\"154ee62\" data-element_type=\"widget\" data-e-type=\"widget\" data-widget_type=\"heading.default\">\n\t\t\t\t<div class=\"elementor-widget-container\">\n\t\t\t\t\t<h5 class=\"elementor-heading-title elementor-size-default\">THERMAL HOTEL GARDEN<\/h5>\t\t\t\t<\/div>\n\t\t\t\t<\/div>\n\t\t\t\t<div class=\"elementor-element elementor-element-19f41efe elementor-widget elementor-widget-heading\" data-id=\"19f41efe\" data-element_type=\"widget\" data-e-type=\"widget\" data-widget_type=\"heading.default\">\n\t\t\t\t<div class=\"elementor-widget-container\">\n\t\t\t\t\t<h2 class=\"elementor-heading-title elementor-size-default\">Konferencia<\/h2>\t\t\t\t<\/div>\n\t\t\t\t<\/div>\n\t\t\t\t\t<\/div>\n\t\t<\/div>\n\t\t\t\t\t<\/div>\n\t\t<\/section>\n\t\t\t\t<section class=\"elementor-section elementor-top-section elementor-element elementor-element-5f6ae6a6 elementor-section-stretched elementor-section-full_width elementor-section-height-default elementor-section-height-default\" data-id=\"5f6ae6a6\" data-element_type=\"section\" data-e-type=\"section\" data-settings=\"{&quot;stretch_section&quot;:&quot;section-stretched&quot;,&quot;background_background&quot;:&quot;classic&quot;}\">\n\t\t\t\t\t\t<div class=\"elementor-container elementor-column-gap-no\">\n\t\t\t\t\t<div class=\"elementor-column elementor-col-100 elementor-top-column elementor-element elementor-element-4eba7101\" data-id=\"4eba7101\" data-element_type=\"column\" data-e-type=\"column\" data-settings=\"{&quot;background_background&quot;:&quot;classic&quot;}\">\n\t\t\t<div class=\"elementor-widget-wrap elementor-element-populated\">\n\t\t\t\t\t\t<section class=\"elementor-section elementor-inner-section elementor-element elementor-element-51a1952c elementor-reverse-mobile elementor-section-boxed elementor-section-height-default elementor-section-height-default\" data-id=\"51a1952c\" data-element_type=\"section\" data-e-type=\"section\">\n\t\t\t\t\t\t<div class=\"elementor-container elementor-column-gap-no\">\n\t\t\t\t\t<div class=\"elementor-column elementor-col-50 elementor-inner-column elementor-element elementor-element-6a50d8f1\" data-id=\"6a50d8f1\" data-element_type=\"column\" data-e-type=\"column\" data-settings=\"{&quot;background_background&quot;:&quot;classic&quot;,&quot;background_motion_fx_motion_fx_scrolling&quot;:&quot;yes&quot;,&quot;background_motion_fx_translateX_effect&quot;:&quot;yes&quot;,&quot;background_motion_fx_translateX_speed&quot;:{&quot;unit&quot;:&quot;px&quot;,&quot;size&quot;:1,&quot;sizes&quot;:[]},&quot;background_motion_fx_translateX_affectedRange&quot;:{&quot;unit&quot;:&quot;%&quot;,&quot;size&quot;:&quot;&quot;,&quot;sizes&quot;:{&quot;start&quot;:0,&quot;end&quot;:100}},&quot;background_motion_fx_devices&quot;:[&quot;desktop&quot;,&quot;tablet&quot;,&quot;mobile&quot;]}\">\n\t\t\t<div class=\"elementor-widget-wrap elementor-element-populated\">\n\t\t\t\t\t\t<div class=\"elementor-element elementor-element-eff4c82 elementor-widget elementor-widget-spacer\" data-id=\"eff4c82\" data-element_type=\"widget\" data-e-type=\"widget\" data-widget_type=\"spacer.default\">\n\t\t\t\t<div class=\"elementor-widget-container\">\n\t\t\t\t\t\t\t<div class=\"elementor-spacer\">\n\t\t\t<div class=\"elementor-spacer-inner\"><\/div>\n\t\t<\/div>\n\t\t\t\t\t\t<\/div>\n\t\t\t\t<\/div>\n\t\t\t\t\t<\/div>\n\t\t<\/div>\n\t\t\t\t<div class=\"elementor-column elementor-col-50 elementor-inner-column elementor-element elementor-element-c62198c\" data-id=\"c62198c\" data-element_type=\"column\" data-e-type=\"column\" data-settings=\"{&quot;background_background&quot;:&quot;classic&quot;}\">\n\t\t\t<div class=\"elementor-widget-wrap elementor-element-populated\">\n\t\t\t\t\t\t<div class=\"elementor-element elementor-element-14f888d5 elementor-widget__width-initial elementor-widget elementor-widget-text-editor\" data-id=\"14f888d5\" data-element_type=\"widget\" data-e-type=\"widget\" data-widget_type=\"text-editor.default\">\n\t\t\t\t<div class=\"elementor-widget-container\">\n\t\t\t\t\t\t\t\t\t<p>T\u00f6k\u00e9letes v\u00e1laszt\u00e1s t\u00e1rgyal\u00e1sokhoz, megbesz\u00e9l\u00e9sekhez, csapat\u00e9p\u00edt\u0151 programokhoz, konferenci\u00e1khoz \u00e9s \u00fczleti tal\u00e1lkoz\u00f3khoz. Teljesen fel\u00faj\u00edtott term\u00fcnkben hangulatvil\u00e1g\u00edt\u00e1s, szab\u00e1lyozhat\u00f3 h\u0171t\u0151-f\u0171t\u0151 rendszer, kivet\u00edt\u0151 \u00e9s projektor is tal\u00e1lhat\u00f3.<\/p><p>Sz\u00e1llod\u00e1nk sz\u00e1mtalan nagy c\u00e9gnek bonyol\u00edt le konferenci\u00e1kat, csapat\u00e9p\u00edt\u0151ket, rugalmass\u00e1gunknak k\u00f6sz\u00f6nhet\u0151en. Az \u0151szi, t\u00e9li \u00e9s tavaszi id\u0151szakban a c\u00e9ges rendezv\u00e9nyek ideje alatt sz\u00e1llod\u00e1nkat legt\u00f6bb esetben kiz\u00e1r\u00f3lag csak a r\u00e9sztvev\u0151knek tartjuk fenn, ezzel biztos\u00edtva a teljes k\u00e9nyelmet \u00e9s a rendezv\u00e9ny zavartalan lebonyol\u00edt\u00e1s\u00e1t. Igyeksz\u00fcnk minden egyes k\u00e9r\u00e9st teljes\u00edteni, \u00e9s egyedi ig\u00e9nyeket figyelembe venni.\u00a0<\/p><p>A teremhez tartozik priv\u00e1t n\u0151i \u00e9s f\u00e9rfi mosd\u00f3, valamint egy el\u0151t\u00e9r, ahol ital \u00e9s ital bek\u00e9sz\u00edt\u00e9sekkel tudunk szolg\u00e1lni.<\/p><p>Profi rendezv\u00e9nyszervez\u0151 koll\u00e9g\u00e1nk seg\u00edti a tervez\u00e9s \u00e9s lebonyol\u00edt\u00e1s minden l\u00e9p\u00e9s\u00e9t, hogy esem\u00e9nye t\u00f6k\u00e9letes legyen.<\/p><p>El\u00e9rhet\u0151s\u00e9g\u00fcnk: info@thermalhotelgarden.hu<\/p>\t\t\t\t\t\t\t\t<\/div>\n\t\t\t\t<\/div>\n\t\t\t\t\t<\/div>\n\t\t<\/div>\n\t\t\t\t\t<\/div>\n\t\t<\/section>\n\t\t\t\t\t<\/div>\n\t\t<\/div>\n\t\t\t\t\t<\/div>\n\t\t<\/section>\n\t\t\t\t<section class=\"elementor-section elementor-top-section elementor-element elementor-element-2df96c4 elementor-section-boxed elementor-section-height-default elementor-section-height-default\" data-id=\"2df96c4\" data-element_type=\"section\" data-e-type=\"section\">\n\t\t\t\t\t\t<div class=\"elementor-container elementor-column-gap-default\">\n\t\t\t\t\t<div class=\"elementor-column elementor-col-50 elementor-top-column elementor-element elementor-element-2334095\" data-id=\"2334095\" data-element_type=\"column\" data-e-type=\"column\">\n\t\t\t<div class=\"elementor-widget-wrap elementor-element-populated\">\n\t\t\t\t\t\t<div class=\"elementor-element elementor-element-e8fcc0a elementor-widget elementor-widget-image\" data-id=\"e8fcc0a\" data-element_type=\"widget\" data-e-type=\"widget\" data-widget_type=\"image.default\">\n\t\t\t\t<div class=\"elementor-widget-container\">\n\t\t\t\t\t\t\t\t\t\t\t\t\t\t\t<img decoding=\"async\" width=\"980\" height=\"804\" src=\"https:\/\/thermalhotelgarden.hu\/wp-content\/uploads\/2025\/09\/IMG_5362-1-1024x840.webp\" class=\"attachment-large size-large wp-image-5192\" alt=\"\" srcset=\"https:\/\/thermalhotelgarden.hu\/wp-content\/uploads\/2025\/09\/IMG_5362-1-1024x840.webp 1024w, https:\/\/thermalhotelgarden.hu\/wp-content\/uploads\/2025\/09\/IMG_5362-1-300x246.webp 300w, https:\/\/thermalhotelgarden.hu\/wp-content\/uploads\/2025\/09\/IMG_5362-1-768x630.webp 768w, https:\/\/thermalhotelgarden.hu\/wp-content\/uploads\/2025\/09\/IMG_5362-1-1536x1260.webp 1536w, https:\/\/thermalhotelgarden.hu\/wp-content\/uploads\/2025\/09\/IMG_5362-1-2048x1680.webp 2048w, https:\/\/thermalhotelgarden.hu\/wp-content\/uploads\/2025\/09\/IMG_5362-1-15x12.webp 15w\" sizes=\"(max-width: 980px) 100vw, 980px\" \/>\t\t\t\t\t\t\t\t\t\t\t\t\t\t\t<\/div>\n\t\t\t\t<\/div>\n\t\t\t\t\t<\/div>\n\t\t<\/div>\n\t\t\t\t<div class=\"elementor-column elementor-col-50 elementor-top-column elementor-element elementor-element-69cdea5\" data-id=\"69cdea5\" data-element_type=\"column\" data-e-type=\"column\">\n\t\t\t<div class=\"elementor-widget-wrap elementor-element-populated\">\n\t\t\t\t\t\t<div class=\"elementor-element elementor-element-62e6b26 elementor-widget elementor-widget-image\" data-id=\"62e6b26\" data-element_type=\"widget\" data-e-type=\"widget\" data-widget_type=\"image.default\">\n\t\t\t\t<div class=\"elementor-widget-container\">\n\t\t\t\t\t\t\t\t\t\t\t\t\t\t\t<img decoding=\"async\" width=\"980\" height=\"735\" src=\"https:\/\/thermalhotelgarden.hu\/wp-content\/uploads\/2025\/09\/IMG_5360-1024x768.webp\" class=\"attachment-large size-large wp-image-5191\" alt=\"\" srcset=\"https:\/\/thermalhotelgarden.hu\/wp-content\/uploads\/2025\/09\/IMG_5360-1024x768.webp 1024w, https:\/\/thermalhotelgarden.hu\/wp-content\/uploads\/2025\/09\/IMG_5360-300x225.webp 300w, https:\/\/thermalhotelgarden.hu\/wp-content\/uploads\/2025\/09\/IMG_5360-768x576.webp 768w, https:\/\/thermalhotelgarden.hu\/wp-content\/uploads\/2025\/09\/IMG_5360-1536x1152.webp 1536w, https:\/\/thermalhotelgarden.hu\/wp-content\/uploads\/2025\/09\/IMG_5360-2048x1536.webp 2048w, https:\/\/thermalhotelgarden.hu\/wp-content\/uploads\/2025\/09\/IMG_5360-16x12.webp 16w\" sizes=\"(max-width: 980px) 100vw, 980px\" \/>\t\t\t\t\t\t\t\t\t\t\t\t\t\t\t<\/div>\n\t\t\t\t<\/div>\n\t\t\t\t\t<\/div>\n\t\t<\/div>\n\t\t\t\t\t<\/div>\n\t\t<\/section>\n\t\t\t\t<\/div>\n\t\t","protected":false},"excerpt":{"rendered":"<p>THERMAL HOTEL GARDEN Konferencia T\u00f6k\u00e9letes v\u00e1laszt\u00e1s t\u00e1rgyal\u00e1sokhoz, megbesz\u00e9l\u00e9sekhez, csapat\u00e9p\u00edt\u0151 programokhoz, konferenci\u00e1khoz \u00e9s \u00fczleti tal\u00e1lkoz\u00f3khoz. Teljesen fel\u00faj\u00edtott term\u00fcnkben hangulatvil\u00e1g\u00edt\u00e1s, szab\u00e1lyozhat\u00f3 h\u0171t\u0151-f\u0171t\u0151 rendszer, kivet\u00edt\u0151 \u00e9s projektor is &#8230; <a title=\"Konferencja\" class=\"read-more\" href=\"https:\/\/thermalhotelgarden.hu\/pl\/konferencia\/\" aria-label=\"More on Konferencia\">Czytaj dalej<\/a><\/p>","protected":false},"author":3,"featured_media":0,"parent":0,"menu_order":0,"comment_status":"closed","ping_status":"closed","template":"elementor_theme","meta":{"inline_featured_image":false,"footnotes":""},"class_list":["post-1646","page","type-page","status-publish","hentry"],"aioseo_notices":[],"_links":{"self":[{"href":"https:\/\/thermalhotelgarden.hu\/pl\/wp-json\/wp\/v2\/pages\/1646","targetHints":{"allow":["GET"]}}],"collection":[{"href":"https:\/\/thermalhotelgarden.hu\/pl\/wp-json\/wp\/v2\/pages"}],"about":[{"href":"https:\/\/thermalhotelgarden.hu\/pl\/wp-json\/wp\/v2\/types\/page"}],"author":[{"embeddable":true,"href":"https:\/\/thermalhotelgarden.hu\/pl\/wp-json\/wp\/v2\/users\/3"}],"replies":[{"embeddable":true,"href":"https:\/\/thermalhotelgarden.hu\/pl\/wp-json\/wp\/v2\/comments?post=1646"}],"version-history":[{"count":13,"href":"https:\/\/thermalhotelgarden.hu\/pl\/wp-json\/wp\/v2\/pages\/1646\/revisions"}],"predecessor-version":[{"id":5195,"href":"https:\/\/thermalhotelgarden.hu\/pl\/wp-json\/wp\/v2\/pages\/1646\/revisions\/5195"}],"wp:attachment":[{"href":"https:\/\/thermalhotelgarden.hu\/pl\/wp-json\/wp\/v2\/media?parent=1646"}],"curies":[{"name":"wp","href":"https:\/\/api.w.org\/{rel}","templated":true}]}}