{"id":854,"date":"2024-05-03T22:05:46","date_gmt":"2024-05-03T22:05:46","guid":{"rendered":"https:\/\/thermalhotelgarden.hu\/?page_id=854"},"modified":"2024-05-09T09:18:33","modified_gmt":"2024-05-09T07:18:33","slug":"szolgaltatasok","status":"publish","type":"page","link":"https:\/\/thermalhotelgarden.hu\/pl\/szolgaltatasok\/","title":{"rendered":"Us\u0142ugi"},"content":{"rendered":"<div class=\"gb-container gb-container-85bbf306\"><div class=\"gb-inside-container\">\n<div class=\"gb-grid-wrapper gb-grid-wrapper-7f7bd011\">\n<div class=\"gb-grid-column gb-grid-column-f8d8a680\"><div class=\"gb-container gb-container-f8d8a680\"><div class=\"gb-inside-container\">\n\n\n\n<h3 class=\"gb-headline gb-headline-cd5d32b3 gb-headline-text\">Wellness<\/h3>\n\n\n\n<figure class=\"gb-block-image gb-block-image-1e203e4e\"><a href=\"https:\/\/thermalhotelgarden.hu\/pl\/wellness\/\"><img fetchpriority=\"high\" decoding=\"async\" width=\"2000\" height=\"1300\" class=\"gb-image gb-image-1e203e4e\" src=\"https:\/\/thermalhotelgarden.hu\/wp-content\/uploads\/2024\/05\/Welness.jpg\" alt=\"\" title=\"Welness\" srcset=\"https:\/\/thermalhotelgarden.hu\/wp-content\/uploads\/2024\/05\/Welness.jpg 2000w, https:\/\/thermalhotelgarden.hu\/wp-content\/uploads\/2024\/05\/Welness-300x195.jpg 300w, https:\/\/thermalhotelgarden.hu\/wp-content\/uploads\/2024\/05\/Welness-1024x666.jpg 1024w, https:\/\/thermalhotelgarden.hu\/wp-content\/uploads\/2024\/05\/Welness-768x499.jpg 768w, https:\/\/thermalhotelgarden.hu\/wp-content\/uploads\/2024\/05\/Welness-1536x998.jpg 1536w\" sizes=\"(max-width: 2000px) 100vw, 2000px\" \/><\/a><\/figure>\n\n\n<div class=\"gb-button-wrapper gb-button-wrapper-6b28784b\">\n\n<a class=\"gb-button gb-button-8ea0710a\" href=\"https:\/\/thermalhotelgarden.hu\/pl\/wellness\/\"><span class=\"gb-button-text\"><strong>WI\u0118CEJ<\/strong><\/span><span class=\"gb-icon\"><svg aria-hidden=\"true\" role=\"img\" height=\"1em\" width=\"1em\" viewbox=\"0 0 256 512\" xmlns=\"http:\/\/www.w3.org\/2000\/svg\"><path fill=\"currentColor\" d=\"M224.3 273l-136 136c-9.4 9.4-24.6 9.4-33.9 0l-22.6-22.6c-9.4-9.4-9.4-24.6 0-33.9l96.4-96.4-96.4-96.4c-9.4-9.4-9.4-24.6 0-33.9L54.3 103c9.4-9.4 24.6-9.4 33.9 0l136 136c9.5 9.4 9.5 24.6.1 34z\"><\/path><\/svg><\/span><\/a>\n\n<\/div>\n<\/div><\/div><\/div>\n\n<div class=\"gb-grid-column gb-grid-column-eea55f70\"><div class=\"gb-container gb-container-eea55f70\"><div class=\"gb-inside-container\">\n\n\n\n<h3 class=\"gb-headline gb-headline-544e792c gb-headline-text\">Gastronomia<\/h3>\n\n\n\n<figure class=\"gb-block-image gb-block-image-507b9052\"><a href=\"https:\/\/thermalhotelgarden.hu\/pl\/gasztronomia\/\"><img decoding=\"async\" width=\"2000\" height=\"1300\" class=\"gb-image gb-image-507b9052\" src=\"https:\/\/thermalhotelgarden.hu\/wp-content\/uploads\/2024\/05\/Gasztronomia.jpg\" alt=\"\" title=\"Gastronomia\" srcset=\"https:\/\/thermalhotelgarden.hu\/wp-content\/uploads\/2024\/05\/Gasztronomia.jpg 2000w, https:\/\/thermalhotelgarden.hu\/wp-content\/uploads\/2024\/05\/Gasztronomia-300x195.jpg 300w, https:\/\/thermalhotelgarden.hu\/wp-content\/uploads\/2024\/05\/Gasztronomia-1024x666.jpg 1024w, https:\/\/thermalhotelgarden.hu\/wp-content\/uploads\/2024\/05\/Gasztronomia-768x499.jpg 768w, https:\/\/thermalhotelgarden.hu\/wp-content\/uploads\/2024\/05\/Gasztronomia-1536x998.jpg 1536w\" sizes=\"(max-width: 2000px) 100vw, 2000px\" \/><\/a><\/figure>\n\n\n<div class=\"gb-button-wrapper gb-button-wrapper-31b3cb28\">\n\n<a class=\"gb-button gb-button-7e5e3991\" href=\"https:\/\/thermalhotelgarden.hu\/pl\/gasztronomia\/\"><span class=\"gb-button-text\"><strong>WI\u0118CEJ<\/strong><\/span><span class=\"gb-icon\"><svg aria-hidden=\"true\" role=\"img\" height=\"1em\" width=\"1em\" viewbox=\"0 0 256 512\" xmlns=\"http:\/\/www.w3.org\/2000\/svg\"><path fill=\"currentColor\" d=\"M224.3 273l-136 136c-9.4 9.4-24.6 9.4-33.9 0l-22.6-22.6c-9.4-9.4-9.4-24.6 0-33.9l96.4-96.4-96.4-96.4c-9.4-9.4-9.4-24.6 0-33.9L54.3 103c9.4-9.4 24.6-9.4 33.9 0l136 136c9.5 9.4 9.5 24.6.1 34z\"><\/path><\/svg><\/span><\/a>\n\n<\/div>\n<\/div><\/div><\/div>\n\n<div class=\"gb-grid-column gb-grid-column-b72b1124\"><div class=\"gb-container gb-container-b72b1124\"><div class=\"gb-inside-container\">\n\n\n\n<h3 class=\"gb-headline gb-headline-55370003 gb-headline-text\">Dla dzieci<\/h3>\n\n\n\n<figure class=\"gb-block-image gb-block-image-1c118c2b\"><a href=\"https:\/\/thermalhotelgarden.hu\/pl\/gyermekeknek\/\"><img decoding=\"async\" width=\"2000\" height=\"1300\" class=\"gb-image gb-image-1c118c2b\" src=\"https:\/\/thermalhotelgarden.hu\/wp-content\/uploads\/2024\/05\/Gyerekeknek.jpg\" alt=\"\" title=\"Dla dzieci\" srcset=\"https:\/\/thermalhotelgarden.hu\/wp-content\/uploads\/2024\/05\/Gyerekeknek.jpg 2000w, https:\/\/thermalhotelgarden.hu\/wp-content\/uploads\/2024\/05\/Gyerekeknek-300x195.jpg 300w, https:\/\/thermalhotelgarden.hu\/wp-content\/uploads\/2024\/05\/Gyerekeknek-1024x666.jpg 1024w, https:\/\/thermalhotelgarden.hu\/wp-content\/uploads\/2024\/05\/Gyerekeknek-768x499.jpg 768w, https:\/\/thermalhotelgarden.hu\/wp-content\/uploads\/2024\/05\/Gyerekeknek-1536x998.jpg 1536w\" sizes=\"(max-width: 2000px) 100vw, 2000px\" \/><\/a><\/figure>\n\n\n<div class=\"gb-button-wrapper gb-button-wrapper-2c795c1b\">\n\n<a class=\"gb-button gb-button-85e5f1cc\" href=\"https:\/\/thermalhotelgarden.hu\/pl\/gyermekeknek\/\"><span class=\"gb-button-text\"><strong>WI\u0118CEJ<\/strong><\/span><span class=\"gb-icon\"><svg aria-hidden=\"true\" role=\"img\" height=\"1em\" width=\"1em\" viewbox=\"0 0 256 512\" xmlns=\"http:\/\/www.w3.org\/2000\/svg\"><path fill=\"currentColor\" d=\"M224.3 273l-136 136c-9.4 9.4-24.6 9.4-33.9 0l-22.6-22.6c-9.4-9.4-9.4-24.6 0-33.9l96.4-96.4-96.4-96.4c-9.4-9.4-9.4-24.6 0-33.9L54.3 103c9.4-9.4 24.6-9.4 33.9 0l136 136c9.5 9.4 9.5 24.6.1 34z\"><\/path><\/svg><\/span><\/a>\n\n<\/div>\n<\/div><\/div><\/div>\n\n<div class=\"gb-grid-column gb-grid-column-1f702877\"><div class=\"gb-container gb-container-1f702877\"><div class=\"gb-inside-container\">\n\n\n\n<h3 class=\"gb-headline gb-headline-82500288 gb-headline-text\">Rekreacja<\/h3>\n\n\n\n<figure class=\"gb-block-image gb-block-image-6f60e159\"><a href=\"https:\/\/thermalhotelgarden.hu\/pl\/kikapcsolodas\/\"><img loading=\"lazy\" decoding=\"async\" width=\"2000\" height=\"1300\" class=\"gb-image gb-image-6f60e159\" src=\"https:\/\/thermalhotelgarden.hu\/wp-content\/uploads\/2024\/05\/Kikapcsolodas.jpg\" alt=\"\" title=\"Rekreacja\" srcset=\"https:\/\/thermalhotelgarden.hu\/wp-content\/uploads\/2024\/05\/Kikapcsolodas.jpg 2000w, https:\/\/thermalhotelgarden.hu\/wp-content\/uploads\/2024\/05\/Kikapcsolodas-300x195.jpg 300w, https:\/\/thermalhotelgarden.hu\/wp-content\/uploads\/2024\/05\/Kikapcsolodas-1024x666.jpg 1024w, https:\/\/thermalhotelgarden.hu\/wp-content\/uploads\/2024\/05\/Kikapcsolodas-768x499.jpg 768w, https:\/\/thermalhotelgarden.hu\/wp-content\/uploads\/2024\/05\/Kikapcsolodas-1536x998.jpg 1536w\" sizes=\"(max-width: 2000px) 100vw, 2000px\" \/><\/a><\/figure>\n\n\n<div class=\"gb-button-wrapper gb-button-wrapper-a270587b\">\n\n<a class=\"gb-button gb-button-c3b34282\" href=\"https:\/\/thermalhotelgarden.hu\/pl\/kikapcsolodas\/\"><span class=\"gb-button-text\"><strong>WI\u0118CEJ<\/strong><\/span><span class=\"gb-icon\"><svg aria-hidden=\"true\" role=\"img\" height=\"1em\" width=\"1em\" viewbox=\"0 0 256 512\" xmlns=\"http:\/\/www.w3.org\/2000\/svg\"><path fill=\"currentColor\" d=\"M224.3 273l-136 136c-9.4 9.4-24.6 9.4-33.9 0l-22.6-22.6c-9.4-9.4-9.4-24.6 0-33.9l96.4-96.4-96.4-96.4c-9.4-9.4-9.4-24.6 0-33.9L54.3 103c9.4-9.4 24.6-9.4 33.9 0l136 136c9.5 9.4 9.5 24.6.1 34z\"><\/path><\/svg><\/span><\/a>\n\n<\/div>\n<\/div><\/div><\/div>\n\n<div class=\"gb-grid-column gb-grid-column-da476b0b\"><div class=\"gb-container gb-container-da476b0b\"><div class=\"gb-inside-container\">\n\n\n\n<h3 class=\"gb-headline gb-headline-993c6eff gb-headline-text\">Inne us\u0142ugi<\/h3>\n\n\n\n<figure class=\"gb-block-image gb-block-image-51c67383\"><a href=\"https:\/\/thermalhotelgarden.hu\/pl\/egyeb-szolgaltatasok\/\"><img loading=\"lazy\" decoding=\"async\" width=\"2000\" height=\"1300\" class=\"gb-image gb-image-51c67383\" src=\"https:\/\/thermalhotelgarden.hu\/wp-content\/uploads\/2024\/05\/Egyeb-szolgaltatasok.jpg\" alt=\"\" title=\"Inne us\u0142ugi\" srcset=\"https:\/\/thermalhotelgarden.hu\/wp-content\/uploads\/2024\/05\/Egyeb-szolgaltatasok.jpg 2000w, https:\/\/thermalhotelgarden.hu\/wp-content\/uploads\/2024\/05\/Egyeb-szolgaltatasok-300x195.jpg 300w, https:\/\/thermalhotelgarden.hu\/wp-content\/uploads\/2024\/05\/Egyeb-szolgaltatasok-1024x666.jpg 1024w, https:\/\/thermalhotelgarden.hu\/wp-content\/uploads\/2024\/05\/Egyeb-szolgaltatasok-768x499.jpg 768w, https:\/\/thermalhotelgarden.hu\/wp-content\/uploads\/2024\/05\/Egyeb-szolgaltatasok-1536x998.jpg 1536w\" sizes=\"(max-width: 2000px) 100vw, 2000px\" \/><\/a><\/figure>\n\n\n<div class=\"gb-button-wrapper gb-button-wrapper-ad2f807a\">\n\n<a class=\"gb-button gb-button-14b263b0\" href=\"https:\/\/thermalhotelgarden.hu\/pl\/egyeb-szolgaltatasok\/\"><span class=\"gb-button-text\"><strong>WI\u0118CEJ<\/strong><\/span><span class=\"gb-icon\"><svg aria-hidden=\"true\" role=\"img\" height=\"1em\" width=\"1em\" viewbox=\"0 0 256 512\" xmlns=\"http:\/\/www.w3.org\/2000\/svg\"><path fill=\"currentColor\" d=\"M224.3 273l-136 136c-9.4 9.4-24.6 9.4-33.9 0l-22.6-22.6c-9.4-9.4-9.4-24.6 0-33.9l96.4-96.4-96.4-96.4c-9.4-9.4-9.4-24.6 0-33.9L54.3 103c9.4-9.4 24.6-9.4 33.9 0l136 136c9.5 9.4 9.5 24.6.1 34z\"><\/path><\/svg><\/span><\/a>\n\n<\/div>\n<\/div><\/div><\/div>\n<\/div>\n<\/div><\/div>\n\n<div class=\"gb-container gb-container-8c8113a9\">\n\n<h2 class=\"gb-headline gb-headline-df06aec6 gb-headline-text\">Gwarantujemy, \u017ce odejdziesz z najlepszym do\u015bwiadczeniem.<\/h2>\n\n<\/div>\n\n<div class=\"gb-container gb-container-efb08b12\"><div class=\"gb-inside-container\">\n<div class=\"gb-grid-wrapper gb-grid-wrapper-783f5227\">\n<div class=\"gb-grid-column gb-grid-column-3678f9a4\"><div class=\"gb-container gb-container-3678f9a4\"><div class=\"gb-inside-container\">\n\n<h2 class=\"gb-headline gb-headline-1c3f9d84 gb-headline-text\">Nasz proces prowadzi do wynik\u00f3w<\/h2>\n\n<\/div><\/div><\/div>\n\n<div class=\"gb-grid-column gb-grid-column-67ea90d7\"><div class=\"gb-container gb-container-67ea90d7\"><div class=\"gb-inside-container\">\n\n<h3 class=\"gb-headline gb-headline-670e7dec\"><span class=\"gb-icon\"><svg aria-hidden=\"true\" role=\"img\" height=\"1em\" width=\"1em\" viewbox=\"0 0 512 512\" xmlns=\"http:\/\/www.w3.org\/2000\/svg\"><path fill=\"currentColor\" d=\"M256 8C119.033 8 8 119.033 8 256s111.033 248 248 248 248-111.033 248-248S392.967 8 256 8zm0 48c110.532 0 200 89.451 200 200 0 110.532-89.451 200-200 200-110.532 0-200-89.451-200-200 0-110.532 89.451-200 200-200m140.204 130.267l-22.536-22.718c-4.667-4.705-12.265-4.736-16.97-.068L215.346 303.697l-59.792-60.277c-4.667-4.705-12.265-4.736-16.97-.069l-22.719 22.536c-4.705 4.667-4.736 12.265-.068 16.971l90.781 91.516c4.667 4.705 12.265 4.736 16.97.068l172.589-171.204c4.704-4.668 4.734-12.266.067-16.971z\"><\/path><\/svg><\/span><span class=\"gb-headline-text\">Zawsze id\u017a o krok dalej<\/span><\/h3>\n\n\n\n<p>Dbamy o to, aby wyja\u015bni\u0107 naszym klientom wszelkie szczeg\u00f3\u0142y w prostych terminach biznesowych. Id\u0105c o krok dalej ze wsparciem, zawsze jeste\u015bmy do dyspozycji naszych klient\u00f3w.<\/p>\n\n\n\n<h3 class=\"gb-headline gb-headline-f05c2dc6\"><span class=\"gb-icon\"><svg aria-hidden=\"true\" role=\"img\" height=\"1em\" width=\"1em\" viewbox=\"0 0 512 512\" xmlns=\"http:\/\/www.w3.org\/2000\/svg\"><path fill=\"currentColor\" d=\"M256 8C119.033 8 8 119.033 8 256s111.033 248 248 248 248-111.033 248-248S392.967 8 256 8zm0 48c110.532 0 200 89.451 200 200 0 110.532-89.451 200-200 200-110.532 0-200-89.451-200-200 0-110.532 89.451-200 200-200m140.204 130.267l-22.536-22.718c-4.667-4.705-12.265-4.736-16.97-.068L215.346 303.697l-59.792-60.277c-4.667-4.705-12.265-4.736-16.97-.069l-22.719 22.536c-4.705 4.667-4.736 12.265-.068 16.971l90.781 91.516c4.667 4.705 12.265 4.736 16.97.068l172.589-171.204c4.704-4.668 4.734-12.266.067-16.971z\"><\/path><\/svg><\/span><span class=\"gb-headline-text\">Jasna strategia i plan dzia\u0142ania<\/span><\/h3>\n\n\n\n<p>Strategia to dla nas jasna, rozs\u0105dna i skuteczna mapa drogowa tego, co mo\u017cemy zrobi\u0107, aby pom\u00f3c Ci osi\u0105gn\u0105\u0107 Twoje cele. Zawiera r\u00f3wnie\u017c zadania, kt\u00f3re mo\u017cna zrealizowa\u0107, aby zapewni\u0107 Ci jasno\u015b\u0107 co do tego, co robimy, jednocze\u015bnie rozliczaj\u0105c nas przed Tob\u0105.<\/p>\n\n\n\n<h3 class=\"gb-headline gb-headline-6ac63b85\"><span class=\"gb-icon\"><svg aria-hidden=\"true\" role=\"img\" height=\"1em\" width=\"1em\" viewbox=\"0 0 512 512\" xmlns=\"http:\/\/www.w3.org\/2000\/svg\"><path fill=\"currentColor\" d=\"M256 8C119.033 8 8 119.033 8 256s111.033 248 248 248 248-111.033 248-248S392.967 8 256 8zm0 48c110.532 0 200 89.451 200 200 0 110.532-89.451 200-200 200-110.532 0-200-89.451-200-200 0-110.532 89.451-200 200-200m140.204 130.267l-22.536-22.718c-4.667-4.705-12.265-4.736-16.97-.068L215.346 303.697l-59.792-60.277c-4.667-4.705-12.265-4.736-16.97-.069l-22.719 22.536c-4.705 4.667-4.736 12.265-.068 16.971l90.781 91.516c4.667 4.705 12.265 4.736 16.97.068l172.589-171.204c4.704-4.668 4.734-12.266.067-16.971z\"><\/path><\/svg><\/span><span class=\"gb-headline-text\">Wiod\u0105ca w bran\u017cy konstrukcja<\/span><\/h3>\n\n\n\n<p>Nasz zesp\u00f3\u0142 projektant\u00f3w to Weblock Media w czo\u0142\u00f3wce bran\u017cy. Jako rzecznicy marek klient\u00f3w i ich potrzeb, podnosimy marki i kampanie marketingowe. Nauka jest m\u00f3zgiem, a nasz zesp\u00f3\u0142 projektant\u00f3w sercem.<\/p>\n\n<\/div><\/div><\/div>\n\n<div class=\"gb-grid-column gb-grid-column-ae634500\"><div class=\"gb-container gb-container-ae634500\"><div class=\"gb-inside-container\">\n\n<figure class=\"wp-block-image size-full is-style-default\"><img decoding=\"async\" src=\"https:\/\/weblockmedia.co.uk\/wp-content\/uploads\/2022\/04\/Every-Pixel-Mockup.png\" alt=\"\" class=\"wp-image-20222\"\/><\/figure>\n\n<\/div><\/div><\/div>\n<\/div>\n<\/div><div class=\"gb-shapes\"><div class=\"gb-shape gb-shape-1\"><svg xmlns=\"http:\/\/www.w3.org\/2000\/svg\" viewbox=\"0 0 1200 194.3\" preserveaspectratio=\"none\"><path d=\"M1200 133.3l-50 8.9c-50 8.6-150 26.9-250 31.1-100 4.2-200-4.2-300-26.7S400 89.2 300 62.2C200 35.8 100 17.5 50 8.9L0 0v194.3h1200v-61z\"\/><\/svg><\/div><\/div><\/div>\n\n<div class=\"gb-container gb-container-84b58dd3\">\n\n<\/div>\n\n<div class=\"gb-container gb-container-1808c0e7\">\n\n<div class=\"gb-grid-wrapper gb-grid-wrapper-ee7245d6 gb-query-loop-wrapper\">\n<div class=\"gb-grid-column gb-grid-column-870b8998 gb-query-loop-item post-4733 post type-post status-publish format-standard has-post-thumbnail hentry category-hirek tag-ipsum tag-lorem\"><div class=\"gb-container gb-container-870b8998\">\n<figure class=\"gb-block-image gb-block-image-087d9356\"><img loading=\"lazy\" decoding=\"async\" width=\"1280\" height=\"854\" src=\"https:\/\/thermalhotelgarden.hu\/wp-content\/uploads\/2025\/03\/Standard-Szoba00007.webp\" class=\"gb-image-087d9356\" alt=\"\" srcset=\"https:\/\/thermalhotelgarden.hu\/wp-content\/uploads\/2025\/03\/Standard-Szoba00007.webp 1280w, https:\/\/thermalhotelgarden.hu\/wp-content\/uploads\/2025\/03\/Standard-Szoba00007-300x200.webp 300w, https:\/\/thermalhotelgarden.hu\/wp-content\/uploads\/2025\/03\/Standard-Szoba00007-1024x683.webp 1024w, https:\/\/thermalhotelgarden.hu\/wp-content\/uploads\/2025\/03\/Standard-Szoba00007-768x512.webp 768w, https:\/\/thermalhotelgarden.hu\/wp-content\/uploads\/2025\/03\/Standard-Szoba00007-18x12.webp 18w\" sizes=\"(max-width: 1280px) 100vw, 1280px\" \/><\/figure>\n\n<h2 class=\"gb-headline gb-headline-ae395b2b gb-headline-text\"><a href=\"https:\/\/thermalhotelgarden.hu\/pl\/2025\/03\/19\/lorem-ipsum-dolor-3\/\">Lorem ipsum dolor<\/a><\/h2>\n\n<p class=\"gb-headline gb-headline-ba7dfc01 gb-headline-text\"><time class=\"entry-date published\" datetime=\"2025-03-19T18:29:34+01:00\">2025.03.19.<\/time><\/p>\n<\/div><\/div>\n\n<div class=\"gb-grid-column gb-grid-column-870b8998 gb-query-loop-item post-4734 post type-post status-publish format-standard has-post-thumbnail hentry category-hirek tag-ipsum tag-lorem\"><div class=\"gb-container gb-container-870b8998\">\n<figure class=\"gb-block-image gb-block-image-087d9356\"><img loading=\"lazy\" decoding=\"async\" width=\"2121\" height=\"1414\" src=\"https:\/\/thermalhotelgarden.hu\/wp-content\/uploads\/2025\/03\/Thermal-Hotel-Garden-Superior-Hajduszoboszlo00077.webp\" class=\"gb-image-087d9356\" alt=\"\" srcset=\"https:\/\/thermalhotelgarden.hu\/wp-content\/uploads\/2025\/03\/Thermal-Hotel-Garden-Superior-Hajduszoboszlo00077.webp 2121w, https:\/\/thermalhotelgarden.hu\/wp-content\/uploads\/2025\/03\/Thermal-Hotel-Garden-Superior-Hajduszoboszlo00077-300x200.webp 300w, https:\/\/thermalhotelgarden.hu\/wp-content\/uploads\/2025\/03\/Thermal-Hotel-Garden-Superior-Hajduszoboszlo00077-1024x683.webp 1024w, https:\/\/thermalhotelgarden.hu\/wp-content\/uploads\/2025\/03\/Thermal-Hotel-Garden-Superior-Hajduszoboszlo00077-768x512.webp 768w, https:\/\/thermalhotelgarden.hu\/wp-content\/uploads\/2025\/03\/Thermal-Hotel-Garden-Superior-Hajduszoboszlo00077-1536x1024.webp 1536w, https:\/\/thermalhotelgarden.hu\/wp-content\/uploads\/2025\/03\/Thermal-Hotel-Garden-Superior-Hajduszoboszlo00077-2048x1365.webp 2048w, https:\/\/thermalhotelgarden.hu\/wp-content\/uploads\/2025\/03\/Thermal-Hotel-Garden-Superior-Hajduszoboszlo00077-18x12.webp 18w\" sizes=\"(max-width: 2121px) 100vw, 2121px\" \/><\/figure>\n\n<h2 class=\"gb-headline gb-headline-ae395b2b gb-headline-text\"><a href=\"https:\/\/thermalhotelgarden.hu\/pl\/2025\/03\/19\/lorem-ipsum-dolor-2\/\">Lorem ipsum dolor<\/a><\/h2>\n\n<p class=\"gb-headline gb-headline-ba7dfc01 gb-headline-text\"><time class=\"entry-date published\" datetime=\"2025-03-19T18:29:17+01:00\">2025.03.19.<\/time><\/p>\n<\/div><\/div>\n<\/div>\n\n<\/div>\n\n<div class=\"gb-container gb-container-6d3cb518\">\n\n<div class=\"gb-grid-wrapper gb-grid-wrapper-83ff258d gb-query-loop-wrapper\">\n<div class=\"gb-grid-column gb-grid-column-218ac89c gb-query-loop-item post-4733 post type-post status-publish format-standard has-post-thumbnail hentry category-hirek tag-ipsum tag-lorem\"><div class=\"gb-container gb-container-218ac89c\">\n<figure class=\"gb-block-image gb-block-image-4ed399db\"><img loading=\"lazy\" decoding=\"async\" width=\"1280\" height=\"854\" src=\"https:\/\/thermalhotelgarden.hu\/wp-content\/uploads\/2025\/03\/Standard-Szoba00007.webp\" class=\"gb-image-4ed399db\" alt=\"\" srcset=\"https:\/\/thermalhotelgarden.hu\/wp-content\/uploads\/2025\/03\/Standard-Szoba00007.webp 1280w, https:\/\/thermalhotelgarden.hu\/wp-content\/uploads\/2025\/03\/Standard-Szoba00007-300x200.webp 300w, https:\/\/thermalhotelgarden.hu\/wp-content\/uploads\/2025\/03\/Standard-Szoba00007-1024x683.webp 1024w, https:\/\/thermalhotelgarden.hu\/wp-content\/uploads\/2025\/03\/Standard-Szoba00007-768x512.webp 768w, https:\/\/thermalhotelgarden.hu\/wp-content\/uploads\/2025\/03\/Standard-Szoba00007-18x12.webp 18w\" sizes=\"(max-width: 1280px) 100vw, 1280px\" \/><\/figure>\n\n<h2 class=\"gb-headline gb-headline-0dbf9aef gb-headline-text\"><a href=\"https:\/\/thermalhotelgarden.hu\/pl\/2025\/03\/19\/lorem-ipsum-dolor-3\/\">Lorem ipsum dolor<\/a><\/h2>\n\n<p class=\"gb-headline gb-headline-85b880d4 gb-headline-text\"><time class=\"entry-date published\" datetime=\"2025-03-19T18:29:34+01:00\">2025.03.19.<\/time><\/p>\n<\/div><\/div>\n\n<div class=\"gb-grid-column gb-grid-column-218ac89c gb-query-loop-item post-4734 post type-post status-publish format-standard has-post-thumbnail hentry category-hirek tag-ipsum tag-lorem\"><div class=\"gb-container gb-container-218ac89c\">\n<figure class=\"gb-block-image gb-block-image-4ed399db\"><img loading=\"lazy\" decoding=\"async\" width=\"2121\" height=\"1414\" src=\"https:\/\/thermalhotelgarden.hu\/wp-content\/uploads\/2025\/03\/Thermal-Hotel-Garden-Superior-Hajduszoboszlo00077.webp\" class=\"gb-image-4ed399db\" alt=\"\" srcset=\"https:\/\/thermalhotelgarden.hu\/wp-content\/uploads\/2025\/03\/Thermal-Hotel-Garden-Superior-Hajduszoboszlo00077.webp 2121w, https:\/\/thermalhotelgarden.hu\/wp-content\/uploads\/2025\/03\/Thermal-Hotel-Garden-Superior-Hajduszoboszlo00077-300x200.webp 300w, https:\/\/thermalhotelgarden.hu\/wp-content\/uploads\/2025\/03\/Thermal-Hotel-Garden-Superior-Hajduszoboszlo00077-1024x683.webp 1024w, https:\/\/thermalhotelgarden.hu\/wp-content\/uploads\/2025\/03\/Thermal-Hotel-Garden-Superior-Hajduszoboszlo00077-768x512.webp 768w, https:\/\/thermalhotelgarden.hu\/wp-content\/uploads\/2025\/03\/Thermal-Hotel-Garden-Superior-Hajduszoboszlo00077-1536x1024.webp 1536w, https:\/\/thermalhotelgarden.hu\/wp-content\/uploads\/2025\/03\/Thermal-Hotel-Garden-Superior-Hajduszoboszlo00077-2048x1365.webp 2048w, https:\/\/thermalhotelgarden.hu\/wp-content\/uploads\/2025\/03\/Thermal-Hotel-Garden-Superior-Hajduszoboszlo00077-18x12.webp 18w\" sizes=\"(max-width: 2121px) 100vw, 2121px\" \/><\/figure>\n\n<h2 class=\"gb-headline gb-headline-0dbf9aef gb-headline-text\"><a href=\"https:\/\/thermalhotelgarden.hu\/pl\/2025\/03\/19\/lorem-ipsum-dolor-2\/\">Lorem ipsum dolor<\/a><\/h2>\n\n<p class=\"gb-headline gb-headline-85b880d4 gb-headline-text\"><time class=\"entry-date published\" datetime=\"2025-03-19T18:29:17+01:00\">2025.03.19.<\/time><\/p>\n<\/div><\/div>\n<\/div>\n\n<\/div>","protected":false},"excerpt":{"rendered":"<p>Gwarantujemy, \u017ce odejdziesz z najlepszym do\u015bwiadczeniem.<\/p>","protected":false},"author":3,"featured_media":0,"parent":0,"menu_order":0,"comment_status":"closed","ping_status":"open","template":"","meta":{"inline_featured_image":false,"footnotes":""},"class_list":["post-854","page","type-page","status-publish","hentry"],"aioseo_notices":[],"_links":{"self":[{"href":"https:\/\/thermalhotelgarden.hu\/pl\/wp-json\/wp\/v2\/pages\/854","targetHints":{"allow":["GET"]}}],"collection":[{"href":"https:\/\/thermalhotelgarden.hu\/pl\/wp-json\/wp\/v2\/pages"}],"about":[{"href":"https:\/\/thermalhotelgarden.hu\/pl\/wp-json\/wp\/v2\/types\/page"}],"author":[{"embeddable":true,"href":"https:\/\/thermalhotelgarden.hu\/pl\/wp-json\/wp\/v2\/users\/3"}],"replies":[{"embeddable":true,"href":"https:\/\/thermalhotelgarden.hu\/pl\/wp-json\/wp\/v2\/comments?post=854"}],"version-history":[{"count":0,"href":"https:\/\/thermalhotelgarden.hu\/pl\/wp-json\/wp\/v2\/pages\/854\/revisions"}],"wp:attachment":[{"href":"https:\/\/thermalhotelgarden.hu\/pl\/wp-json\/wp\/v2\/media?parent=854"}],"curies":[{"name":"wp","href":"https:\/\/api.w.org\/{rel}","templated":true}]}}