{"id":1087,"date":"2024-05-04T17:18:42","date_gmt":"2024-05-04T17:18:42","guid":{"rendered":"https:\/\/thermalhotelgarden.hu\/?page_id=1087"},"modified":"2024-05-04T17:28:34","modified_gmt":"2024-05-04T17:28:34","slug":"szechenyi-2020","status":"publish","type":"page","link":"https:\/\/thermalhotelgarden.hu\/ro\/szechenyi-2020\/","title":{"rendered":"Szechenyi 2020"},"content":{"rendered":"<div class=\"gb-container gb-container-08574448\">\n\n<h2 class=\"wp-block-heading\">1. Schema de \u00eemprumut rapid f\u0103r\u0103 dob\u00e2nd\u0103 pentru repornire<\/h2>\n\n\n\n<p>Program de \u00eemprumut f\u0103r\u0103 dob\u00e2nd\u0103 Restart Quick Loan<\/p>\n\n\n\n<p>Numele beneficiarului: Pintakol Kft.<\/p>\n\n\n\n<p>Titlul proiectului: Schema de \u00eemprumut rapid f\u0103r\u0103 dob\u00e2nd\u0103 pentru repornire<\/p>\n\n\n\n<p>Scurt\u0103 descriere a con\u021binutului proiectului: Uniunea European\u0103 \u0219i statul maghiar au acordat un \u00eemprumut rapid f\u0103r\u0103 dob\u00e2nd\u0103 companiei Pintakol Ltd. pentru a ajuta compania s\u0103 se relanseze dup\u0103 pandemia Covid-19. \u00cen cadrul facilit\u0103\u021bii de \u00eemprumut, a fost acordat un \u00eemprumut c\u0103tre Pintakol Ltd. pentru finan\u021barea capitalului de lucru.<\/p>\n\n\n\n<p>Finan\u021barea face parte din r\u0103spunsul UE la pandemia Covid19.<\/p>\n\n\n\n<p>Valoarea ajutorului contractat: 10 000 000 HUF<\/p>\n\n\n\n<p>Identificatorul apelului: GINOP-9.1.1.1-21<\/p>\n\n\n\n<p>Data de finalizare a proiectului: 25.01.2032.<\/p>\n\n\n\n<div style=\"height:20px\" aria-hidden=\"true\" class=\"wp-block-spacer\"><\/div>\n\n\n\n\n\n<div style=\"height:20px\" aria-hidden=\"true\" class=\"wp-block-spacer\"><\/div>\n\n\n\n<h2 class=\"wp-block-heading\">2. Schema de \u00eemprumut rapid f\u0103r\u0103 dob\u00e2nd\u0103 pentru repornire<\/h2>\n\n\n\n<p>Program de \u00eemprumut f\u0103r\u0103 dob\u00e2nd\u0103 Restart Quick Loan<\/p>\n\n\n\n<p>Numele beneficiarului: Pintakol Kft.<\/p>\n\n\n\n<p>Titlul proiectului: Schema de \u00eemprumut rapid f\u0103r\u0103 dob\u00e2nd\u0103 pentru repornire<\/p>\n\n\n\n<p>Scurt\u0103 descriere a con\u021binutului proiectului: Uniunea European\u0103 \u0219i statul maghiar au acordat un \u00eemprumut rapid f\u0103r\u0103 dob\u00e2nd\u0103 companiei Pintakol Ltd. pentru a ajuta compania s\u0103 se relanseze dup\u0103 pandemia Covid-19. \u00cen cadrul facilit\u0103\u021bii de \u00eemprumut, a fost acordat un \u00eemprumut c\u0103tre Pintakol Ltd. pentru finan\u021barea capitalului de lucru.<\/p>\n\n\n\n<p>Finan\u021barea face parte din r\u0103spunsul UE la pandemia Covid19.<\/p>\n\n\n\n<p>Valoarea ajutorului contractat: 10 000 000 HUF<\/p>\n\n\n\n<p>Identificatorul apelului: GINOP-9.1.1.1-21<\/p>\n\n\n\n<p>Data de finalizare a proiectului: 25.01.2032.<\/p>\n\n\n\n<div style=\"height:20px\" aria-hidden=\"true\" class=\"wp-block-spacer\"><\/div>\n\n\n\n\n\n<div style=\"height:20px\" aria-hidden=\"true\" class=\"wp-block-spacer\"><\/div>\n\n\n\n<h2 class=\"wp-block-heading\">3. Programul de \u00eemprumuturi pentru modernizarea tehnologic\u0103 a micro\u00eentreprinderilor \u0219i a \u00eentreprinderilor mici \u0219i mijlocii - GINOP-8.3.5-18\/B<\/h2>\n\n\n\n<p>Ajutor financiar nerambursabil:<\/p>\n\n\n\n<p>Numele beneficiarului: Pintakol Kft.<br>Titlul proiectului: Programul de \u00eemprumut pentru modernizarea tehnologic\u0103 a \u00eentreprinderilor micro, mici \u0219i mijlocii<br>Num\u0103rul de identificare a proiectului: GINOP-8.3.5-18\/B<br>Valoarea \u00eemprumutului care urmeaz\u0103 s\u0103 fie rambursat: 22 000 000 HUF<\/p>\n\n\n\n<p>Prezentarea con\u021binutului finan\u021b\u0103rii activelor circulante:<\/p>\n\n\n\n<p>Obiectivul programului de \u00eemprumuturi este de a sprijini modernizarea tehnologic\u0103 a micro\u00eentreprinderilor \u0219i a \u00eentreprinderilor mici \u0219i mijlocii, precum \u0219i crearea \u0219i extinderea capacit\u0103\u021bii acestora de a dezvolta produse \u0219i servicii moderne, cu obiectivul specific de a dezvolta micro\u00eentreprinderile \u0219i \u00eentreprinderile mici \u0219i mijlocii care nu au acces la finan\u021bare sau care au un acces insuficient la finan\u021bare, prin \u00eembun\u0103t\u0103\u021birea accesului acestora la finan\u021bare extern\u0103. Obiectivul mecanismului de \u00eemprumut este de a sprijini investi\u021biile micro\u00eentreprinderilor, \u00eentreprinderilor mici \u0219i mijlocii care sunt viabile din punct de vedere financiar \u0219i generatoare de venituri.<\/p>\n\n<\/div>","protected":false},"excerpt":{"rendered":"<p>1. Kamatmentes \u00dajraind\u00edt\u00e1si Gyorsk\u00f6lcs\u00f6n Hitelprogram Kamatmentes \u00dajraind\u00edt\u00e1si Gyorsk\u00f6lcs\u00f6n Hitelprogram Kedvezm\u00e9nyezett neve: Pintakol Kft. Projekt c\u00edme: Kamatmentes \u00dajraind\u00edt\u00e1si Gyorsk\u00f6lcs\u00f6n Hitelprogram Projekt tartalm\u00e1nak r\u00f6vid bemutat\u00e1sa: Az Eur\u00f3pai &#8230; <a title=\"Szechenyi 2020\" class=\"read-more\" href=\"https:\/\/thermalhotelgarden.hu\/ro\/szechenyi-2020\/\" aria-label=\"More on Szechenyi 2020\">Cite\u0219te mai mult<\/a><\/p>","protected":false},"author":3,"featured_media":0,"parent":0,"menu_order":0,"comment_status":"closed","ping_status":"open","template":"","meta":{"inline_featured_image":false,"footnotes":""},"class_list":["post-1087","page","type-page","status-publish","hentry"],"aioseo_notices":[],"_links":{"self":[{"href":"https:\/\/thermalhotelgarden.hu\/ro\/wp-json\/wp\/v2\/pages\/1087","targetHints":{"allow":["GET"]}}],"collection":[{"href":"https:\/\/thermalhotelgarden.hu\/ro\/wp-json\/wp\/v2\/pages"}],"about":[{"href":"https:\/\/thermalhotelgarden.hu\/ro\/wp-json\/wp\/v2\/types\/page"}],"author":[{"embeddable":true,"href":"https:\/\/thermalhotelgarden.hu\/ro\/wp-json\/wp\/v2\/users\/3"}],"replies":[{"embeddable":true,"href":"https:\/\/thermalhotelgarden.hu\/ro\/wp-json\/wp\/v2\/comments?post=1087"}],"version-history":[{"count":0,"href":"https:\/\/thermalhotelgarden.hu\/ro\/wp-json\/wp\/v2\/pages\/1087\/revisions"}],"wp:attachment":[{"href":"https:\/\/thermalhotelgarden.hu\/ro\/wp-json\/wp\/v2\/media?parent=1087"}],"curies":[{"name":"wp","href":"https:\/\/api.w.org\/{rel}","templated":true}]}}