{"id":161,"date":"2024-04-30T10:18:22","date_gmt":"2024-04-30T10:18:22","guid":{"rendered":"https:\/\/thermalhotelgarden.hu\/?page_id=161"},"modified":"2025-03-19T13:08:18","modified_gmt":"2025-03-19T12:08:18","slug":"bemutatkozunk","status":"publish","type":"page","link":"https:\/\/thermalhotelgarden.hu\/ro\/bemutatkozunk\/","title":{"rendered":"V\u0103 prezent\u0103m"},"content":{"rendered":"<div data-elementor-type=\"wp-page\" data-elementor-id=\"161\" class=\"elementor elementor-161\" data-elementor-post-type=\"page\">\n\t\t\t\t\t\t<section class=\"elementor-section elementor-top-section elementor-element elementor-element-34e5b7ea elementor-section-boxed elementor-section-height-default elementor-section-height-default\" data-id=\"34e5b7ea\" data-element_type=\"section\" data-e-type=\"section\">\n\t\t\t\t\t\t<div class=\"elementor-container elementor-column-gap-wider\">\n\t\t\t\t\t<div class=\"elementor-column elementor-col-50 elementor-top-column elementor-element elementor-element-3e9873f7\" data-id=\"3e9873f7\" data-element_type=\"column\" data-e-type=\"column\">\n\t\t\t<div class=\"elementor-widget-wrap elementor-element-populated\">\n\t\t\t\t\t\t<div class=\"elementor-element elementor-element-47f81a9b elementor-widget elementor-widget-image\" data-id=\"47f81a9b\" data-element_type=\"widget\" data-e-type=\"widget\" data-widget_type=\"image.default\">\n\t\t\t\t<div class=\"elementor-widget-container\">\n\t\t\t\t\t\t\t\t\t\t\t\t\t\t\t<img fetchpriority=\"high\" decoding=\"async\" width=\"980\" height=\"980\" src=\"https:\/\/thermalhotelgarden.hu\/wp-content\/uploads\/2025\/03\/level.svg\" class=\"attachment-large size-large wp-image-3621\" alt=\"\" \/>\t\t\t\t\t\t\t\t\t\t\t\t\t\t\t<\/div>\n\t\t\t\t<\/div>\n\t\t\t\t<div class=\"elementor-element elementor-element-396ddeaa elementor-widget elementor-widget-heading\" data-id=\"396ddeaa\" data-element_type=\"widget\" data-e-type=\"widget\" data-widget_type=\"heading.default\">\n\t\t\t\t<div class=\"elementor-widget-container\">\n\t\t\t\t\t<h5 class=\"elementor-heading-title elementor-size-default\">HOTEL TERMAL GR\u0102DIN\u0102<\/h5>\t\t\t\t<\/div>\n\t\t\t\t<\/div>\n\t\t\t\t<div class=\"elementor-element elementor-element-758090fa elementor-widget__width-initial elementor-widget elementor-widget-heading\" data-id=\"758090fa\" data-element_type=\"widget\" data-e-type=\"widget\" data-widget_type=\"heading.default\">\n\t\t\t\t<div class=\"elementor-widget-container\">\n\t\t\t\t\t<h2 class=\"elementor-heading-title elementor-size-default\">V\u0103 prezent\u0103m<\/h2>\t\t\t\t<\/div>\n\t\t\t\t<\/div>\n\t\t\t\t<div class=\"elementor-element elementor-element-4a8f8aa1 elementor-widget elementor-widget-image\" data-id=\"4a8f8aa1\" data-element_type=\"widget\" data-e-type=\"widget\" data-widget_type=\"image.default\">\n\t\t\t\t<div class=\"elementor-widget-container\">\n\t\t\t\t\t\t\t\t\t\t\t\t\t\t\t<img decoding=\"async\" width=\"930\" height=\"1151\" src=\"https:\/\/thermalhotelgarden.hu\/wp-content\/uploads\/2025\/03\/bemutatkozunk.webp\" class=\"attachment-full size-full wp-image-3840\" alt=\"\" srcset=\"https:\/\/thermalhotelgarden.hu\/wp-content\/uploads\/2025\/03\/bemutatkozunk.webp 930w, https:\/\/thermalhotelgarden.hu\/wp-content\/uploads\/2025\/03\/bemutatkozunk-242x300.webp 242w, https:\/\/thermalhotelgarden.hu\/wp-content\/uploads\/2025\/03\/bemutatkozunk-827x1024.webp 827w, https:\/\/thermalhotelgarden.hu\/wp-content\/uploads\/2025\/03\/bemutatkozunk-768x951.webp 768w, https:\/\/thermalhotelgarden.hu\/wp-content\/uploads\/2025\/03\/bemutatkozunk-10x12.webp 10w\" sizes=\"(max-width: 930px) 100vw, 930px\" \/>\t\t\t\t\t\t\t\t\t\t\t\t\t\t\t<\/div>\n\t\t\t\t<\/div>\n\t\t\t\t\t<\/div>\n\t\t<\/div>\n\t\t\t\t<div class=\"elementor-column elementor-col-50 elementor-top-column elementor-element elementor-element-5481fdf2\" data-id=\"5481fdf2\" data-element_type=\"column\" data-e-type=\"column\">\n\t\t\t<div class=\"elementor-widget-wrap elementor-element-populated\">\n\t\t\t\t\t\t<section class=\"elementor-section elementor-inner-section elementor-element elementor-element-5c90e6b0 elementor-section-boxed elementor-section-height-default elementor-section-height-default\" data-id=\"5c90e6b0\" data-element_type=\"section\" data-e-type=\"section\">\n\t\t\t\t\t\t<div class=\"elementor-container elementor-column-gap-no\">\n\t\t\t\t\t<div class=\"elementor-column elementor-col-100 elementor-inner-column elementor-element elementor-element-5ee62a35\" data-id=\"5ee62a35\" data-element_type=\"column\" data-e-type=\"column\">\n\t\t\t<div class=\"elementor-widget-wrap elementor-element-populated\">\n\t\t\t\t\t\t<div class=\"elementor-element elementor-element-26dc88ca elementor-widget__width-initial elementor-widget elementor-widget-text-editor\" data-id=\"26dc88ca\" data-element_type=\"widget\" data-e-type=\"widget\" data-widget_type=\"text-editor.default\">\n\t\t\t\t<div class=\"elementor-widget-container\">\n\t\t\t\t\t\t\t\t\t<p>Hotelul nostru \"mic\", de familie, este situat \u00een inima ora\u0219ului Hajd\u00faszoboszl\u00f3, \u00een zona sta\u021biunii, la numai 5 minute de mers pe jos de complexul spa Hungarospa.<\/p>\t\t\t\t\t\t\t\t<\/div>\n\t\t\t\t<\/div>\n\t\t\t\t\t<\/div>\n\t\t<\/div>\n\t\t\t\t\t<\/div>\n\t\t<\/section>\n\t\t\t\t<div class=\"elementor-element elementor-element-3b1718db elementor-widget elementor-widget-text-editor\" data-id=\"3b1718db\" data-element_type=\"widget\" data-e-type=\"widget\" data-widget_type=\"text-editor.default\">\n\t\t\t\t<div class=\"elementor-widget-container\">\n\t\t\t\t\t\t\t\t\t<p><strong>Ce face ca hotelul nostru s\u0103 fie special -<\/strong> care \u00eei d\u0103 numele - o centur\u0103 verde de aproape 1 hectar, ad\u0103post pentru o varietate de plante, p\u0103s\u0103ri \u0219i veveri\u021be. Pornind de la planuri uria\u0219e, \u00een 2018 am \u00eenceput renovarea \u0219i transformarea hotelului, a c\u0103rei mare parte a fost finalizat\u0103 cu succes p\u00e2n\u0103 \u00een 2022.<\/p><p><strong>Este dorin\u021ba noastr\u0103 sincer\u0103 ca oaspe\u021bii no\u0219tri<\/strong> \u00eei facem s\u0103 se simt\u0103 ca acas\u0103, a\u0219a c\u0103 vom face tot ce ne st\u0103 \u00een putin\u021b\u0103 pentru a ne asigura c\u0103 vor avea o vacan\u021b\u0103 relaxant\u0103. At\u00e2t eu, c\u00e2t \u0219i so\u021bul meu am crescut \u00een industria ospitalit\u0103\u021bii, a\u0219a c\u0103 atunci c\u00e2nd am \u00eenceput s\u0103 conducem hotelul am \u0219tiut c\u0103 \u00eel vom trata ca pe propriul nostru \"copil\" \u0219i c\u0103 vom oferi oaspe\u021bilor no\u0219tri o experien\u021b\u0103 maxim\u0103.<\/p><p><strong>Multe feedback pozitiv<\/strong> \u0219i obi\u0219nui\u021bilor care ne-au ajutat s\u0103 continu\u0103m s\u0103 ne transform\u0103m visele \u00een realitate. Ca nimeni, nu suntem perfec\u021bi, dar credem c\u0103 feedback-ul pozitiv ne d\u0103 putere, iar criticile negative sunt o experien\u021b\u0103 \u0219i un nou impuls.<\/p>\t\t\t\t\t\t\t\t<\/div>\n\t\t\t\t<\/div>\n\t\t\t\t\t<\/div>\n\t\t<\/div>\n\t\t\t\t\t<\/div>\n\t\t<\/section>\n\t\t\t\t<section class=\"elementor-section elementor-top-section elementor-element elementor-element-f67d65d elementor-section-stretched elementor-section-full_width elementor-section-height-default elementor-section-height-default\" data-id=\"f67d65d\" data-element_type=\"section\" data-e-type=\"section\" data-settings=\"{&quot;stretch_section&quot;:&quot;section-stretched&quot;}\">\n\t\t\t\t\t\t<div class=\"elementor-container elementor-column-gap-no\">\n\t\t\t\t\t<div class=\"elementor-column elementor-col-100 elementor-top-column elementor-element elementor-element-6f8bd89a\" data-id=\"6f8bd89a\" data-element_type=\"column\" data-e-type=\"column\" data-settings=\"{&quot;background_background&quot;:&quot;classic&quot;}\">\n\t\t\t<div class=\"elementor-widget-wrap elementor-element-populated\">\n\t\t\t\t\t\t<div class=\"elementor-element elementor-element-7c870685 elementor-widget elementor-widget-image\" data-id=\"7c870685\" data-element_type=\"widget\" data-e-type=\"widget\" data-widget_type=\"image.default\">\n\t\t\t\t<div class=\"elementor-widget-container\">\n\t\t\t\t\t\t\t\t\t\t\t\t\t\t\t<img fetchpriority=\"high\" decoding=\"async\" width=\"980\" height=\"980\" src=\"https:\/\/thermalhotelgarden.hu\/wp-content\/uploads\/2025\/03\/level.svg\" class=\"attachment-large size-large wp-image-3621\" alt=\"\" \/>\t\t\t\t\t\t\t\t\t\t\t\t\t\t\t<\/div>\n\t\t\t\t<\/div>\n\t\t\t\t<div class=\"elementor-element elementor-element-724a856a elementor-widget__width-initial elementor-widget elementor-widget-text-editor\" data-id=\"724a856a\" data-element_type=\"widget\" data-e-type=\"widget\" data-widget_type=\"text-editor.default\">\n\t\t\t\t<div class=\"elementor-widget-container\">\n\t\t\t\t\t\t\t\t\t<p>A <strong>Thermal Hotel Garden<\/strong> are un total de 80 de camere Standard \u0219i 4 camere Superior. Facilit\u0103\u021bile includ o piscin\u0103 \u00een aer liber cu 8 elemente distractive, o piscin\u0103 spa interioar\u0103, jacuzzi \u00een aer liber, saun\u0103, sal\u0103 de fitness, masaj, sal\u0103 de jocuri, camer\u0103 x-box sau facilit\u0103\u021bi sportive \u00een aer liber. Hotelul nostru este situat la 1 strad\u0103 distan\u021b\u0103 de faimoasa promenad\u0103 King Matthias, baruri, magazine, restaurante, divertisment. \u00cen timpul verii, Hajd\u00faszoboszl\u00f3 ofer\u0103 o gam\u0103 larg\u0103 de activit\u0103\u021bi \u0219i recreere pentru vizitatori, care nu trebuie ratate.<\/p>\t\t\t\t\t\t\t\t<\/div>\n\t\t\t\t<\/div>\n\t\t\t\t<div class=\"elementor-element elementor-element-43b6fbaf elementor-widget elementor-widget-video\" data-id=\"43b6fbaf\" data-element_type=\"widget\" data-e-type=\"widget\" data-settings=\"{&quot;youtube_url&quot;:&quot;https:\\\/\\\/www.youtube.com\\\/watch?v=Mf0oZrLGZik&amp;ab_channel=ThermalHotelGarden&quot;,&quot;video_type&quot;:&quot;youtube&quot;,&quot;controls&quot;:&quot;yes&quot;}\" data-widget_type=\"video.default\">\n\t\t\t\t<div class=\"elementor-widget-container\">\n\t\t\t\t\t\t\t<div class=\"elementor-wrapper elementor-open-inline\">\n\t\t\t<div class=\"elementor-video\"><\/div>\t\t<\/div>\n\t\t\t\t\t\t<\/div>\n\t\t\t\t<\/div>\n\t\t\t\t\t<\/div>\n\t\t<\/div>\n\t\t\t\t\t<\/div>\n\t\t<\/section>\n\t\t\t\t<\/div>","protected":false},"excerpt":{"rendered":"<p>THERMAL HOTEL GARDEN Despre noi Hotelul nostru \"mic\", de familie, este situat \u00een inima ora\u0219ului Hajd\u00faszoboszl\u00f3, \u00een zona sta\u021biunii, la numai 5 minute de mers pe jos de complexul spa Hungarospa. Caracteristica special\u0103 a hotelului nostru - care ... <a title=\"V\u0103 prezent\u0103m\" class=\"read-more\" href=\"https:\/\/thermalhotelgarden.hu\/ro\/bemutatkozunk\/\" aria-label=\"Mai multe despre prezentarea noastr\u0103\">Cite\u0219te mai mult<\/a><\/p>","protected":false},"author":3,"featured_media":0,"parent":0,"menu_order":0,"comment_status":"closed","ping_status":"closed","template":"","meta":{"inline_featured_image":false,"footnotes":""},"class_list":["post-161","page","type-page","status-publish","hentry"],"aioseo_notices":[],"_links":{"self":[{"href":"https:\/\/thermalhotelgarden.hu\/ro\/wp-json\/wp\/v2\/pages\/161","targetHints":{"allow":["GET"]}}],"collection":[{"href":"https:\/\/thermalhotelgarden.hu\/ro\/wp-json\/wp\/v2\/pages"}],"about":[{"href":"https:\/\/thermalhotelgarden.hu\/ro\/wp-json\/wp\/v2\/types\/page"}],"author":[{"embeddable":true,"href":"https:\/\/thermalhotelgarden.hu\/ro\/wp-json\/wp\/v2\/users\/3"}],"replies":[{"embeddable":true,"href":"https:\/\/thermalhotelgarden.hu\/ro\/wp-json\/wp\/v2\/comments?post=161"}],"version-history":[{"count":45,"href":"https:\/\/thermalhotelgarden.hu\/ro\/wp-json\/wp\/v2\/pages\/161\/revisions"}],"predecessor-version":[{"id":4388,"href":"https:\/\/thermalhotelgarden.hu\/ro\/wp-json\/wp\/v2\/pages\/161\/revisions\/4388"}],"wp:attachment":[{"href":"https:\/\/thermalhotelgarden.hu\/ro\/wp-json\/wp\/v2\/media?parent=161"}],"curies":[{"name":"wp","href":"https:\/\/api.w.org\/{rel}","templated":true}]}}