{"id":3775,"date":"2025-03-19T00:04:19","date_gmt":"2025-03-18T23:04:19","guid":{"rendered":"https:\/\/thermalhotelgarden.hu\/?page_id=3775"},"modified":"2025-03-19T14:05:06","modified_gmt":"2025-03-19T13:05:06","slug":"ajandekutalvanyok","status":"publish","type":"page","link":"https:\/\/thermalhotelgarden.hu\/ro\/ajandekutalvanyok\/","title":{"rendered":"Vouchere cadou"},"content":{"rendered":"<div data-elementor-type=\"wp-page\" data-elementor-id=\"3775\" class=\"elementor elementor-3775\" data-elementor-post-type=\"page\">\n\t\t\t\t\t\t<section class=\"elementor-section elementor-top-section elementor-element elementor-element-568b6282 elementor-section-stretched elementor-section-boxed elementor-section-height-default elementor-section-height-default\" data-id=\"568b6282\" data-element_type=\"section\" data-e-type=\"section\" data-settings=\"{&quot;stretch_section&quot;:&quot;section-stretched&quot;}\">\n\t\t\t\t\t\t<div class=\"elementor-container elementor-column-gap-no\">\n\t\t\t\t\t<div class=\"elementor-column elementor-col-100 elementor-top-column elementor-element elementor-element-3e4df9f4\" data-id=\"3e4df9f4\" data-element_type=\"column\" data-e-type=\"column\">\n\t\t\t<div class=\"elementor-widget-wrap elementor-element-populated\">\n\t\t\t\t\t\t<div class=\"elementor-element elementor-element-20f79ed4 elementor-widget elementor-widget-image\" data-id=\"20f79ed4\" data-element_type=\"widget\" data-e-type=\"widget\" data-widget_type=\"image.default\">\n\t\t\t\t<div class=\"elementor-widget-container\">\n\t\t\t\t\t\t\t\t\t\t\t\t\t\t\t<img fetchpriority=\"high\" decoding=\"async\" width=\"980\" height=\"980\" src=\"https:\/\/thermalhotelgarden.hu\/wp-content\/uploads\/2025\/03\/level.svg\" class=\"attachment-large size-large wp-image-3621\" alt=\"\" \/>\t\t\t\t\t\t\t\t\t\t\t\t\t\t\t<\/div>\n\t\t\t\t<\/div>\n\t\t\t\t<div class=\"elementor-element elementor-element-5d2de817 elementor-widget elementor-widget-heading\" data-id=\"5d2de817\" data-element_type=\"widget\" data-e-type=\"widget\" data-widget_type=\"heading.default\">\n\t\t\t\t<div class=\"elementor-widget-container\">\n\t\t\t\t\t<h5 class=\"elementor-heading-title elementor-size-default\">HOTEL TERMAL GR\u0102DIN\u0102<\/h5>\t\t\t\t<\/div>\n\t\t\t\t<\/div>\n\t\t\t\t<div class=\"elementor-element elementor-element-2cf57bcd elementor-widget__width-initial elementor-widget elementor-widget-heading\" data-id=\"2cf57bcd\" data-element_type=\"widget\" data-e-type=\"widget\" data-widget_type=\"heading.default\">\n\t\t\t\t<div class=\"elementor-widget-container\">\n\t\t\t\t\t<h2 class=\"elementor-heading-title elementor-size-default\">Vouchere cadou<\/h2>\t\t\t\t<\/div>\n\t\t\t\t<\/div>\n\t\t\t\t\t<\/div>\n\t\t<\/div>\n\t\t\t\t\t<\/div>\n\t\t<\/section>\n\t\t\t\t<section class=\"elementor-section elementor-top-section elementor-element elementor-element-6966337 elementor-section-stretched elementor-section-boxed elementor-section-height-default elementor-section-height-default\" data-id=\"6966337\" data-element_type=\"section\" data-e-type=\"section\" data-settings=\"{&quot;stretch_section&quot;:&quot;section-stretched&quot;}\">\n\t\t\t\t\t\t<div class=\"elementor-container elementor-column-gap-no\">\n\t\t\t\t\t<div class=\"elementor-column elementor-col-100 elementor-top-column elementor-element elementor-element-340b3923\" data-id=\"340b3923\" data-element_type=\"column\" data-e-type=\"column\">\n\t\t\t<div class=\"elementor-widget-wrap elementor-element-populated\">\n\t\t\t\t\t\t<div class=\"elementor-element elementor-element-28c756ce elementor-widget elementor-widget-shortcode\" data-id=\"28c756ce\" data-element_type=\"widget\" data-e-type=\"widget\" data-widget_type=\"shortcode.default\">\n\t\t\t\t<div class=\"elementor-widget-container\">\n\t\t\t\t\t\t\t<div class=\"elementor-shortcode\"><script src=\"https:\/\/nethotelbooking.net\/embed.RESnWEB.js?id=Z56FP\"><\/script><\/div>\n\t\t\t\t\t\t<\/div>\n\t\t\t\t<\/div>\n\t\t\t\t\t<\/div>\n\t\t<\/div>\n\t\t\t\t\t<\/div>\n\t\t<\/section>\n\t\t\t\t<\/div>","protected":false},"excerpt":{"rendered":"<p>THERMAL HOTEL GARDEN Aj\u00e1nd\u00e9kutalv\u00e1nyok<\/p>","protected":false},"author":3,"featured_media":0,"parent":0,"menu_order":0,"comment_status":"closed","ping_status":"closed","template":"elementor_theme","meta":{"inline_featured_image":false,"footnotes":""},"class_list":["post-3775","page","type-page","status-publish","hentry"],"aioseo_notices":[],"_links":{"self":[{"href":"https:\/\/thermalhotelgarden.hu\/ro\/wp-json\/wp\/v2\/pages\/3775","targetHints":{"allow":["GET"]}}],"collection":[{"href":"https:\/\/thermalhotelgarden.hu\/ro\/wp-json\/wp\/v2\/pages"}],"about":[{"href":"https:\/\/thermalhotelgarden.hu\/ro\/wp-json\/wp\/v2\/types\/page"}],"author":[{"embeddable":true,"href":"https:\/\/thermalhotelgarden.hu\/ro\/wp-json\/wp\/v2\/users\/3"}],"replies":[{"embeddable":true,"href":"https:\/\/thermalhotelgarden.hu\/ro\/wp-json\/wp\/v2\/comments?post=3775"}],"version-history":[{"count":25,"href":"https:\/\/thermalhotelgarden.hu\/ro\/wp-json\/wp\/v2\/pages\/3775\/revisions"}],"predecessor-version":[{"id":4535,"href":"https:\/\/thermalhotelgarden.hu\/ro\/wp-json\/wp\/v2\/pages\/3775\/revisions\/4535"}],"wp:attachment":[{"href":"https:\/\/thermalhotelgarden.hu\/ro\/wp-json\/wp\/v2\/media?parent=3775"}],"curies":[{"name":"wp","href":"https:\/\/api.w.org\/{rel}","templated":true}]}}